{"id":562,"date":"2012-06-08T13:20:22","date_gmt":"2012-06-08T17:20:22","guid":{"rendered":"http:\/\/www.amisdulacdes16isles.org\/?page_id=562"},"modified":"2012-06-08T13:22:45","modified_gmt":"2012-06-08T17:22:45","slug":"lac","status":"publish","type":"page","link":"https:\/\/amisdulac.org\/fr\/lac\/","title":{"rendered":"Lac"},"content":{"rendered":"<p><strong>Notre lac, une d\u00e9finition:<\/strong><\/p>\n<p><strong>Le lac des Seize \u00celes<\/strong>, comme plusieurs lacs au Canada, est un environnement o\u00f9 le cycle naturel de la naissance, de la croissance puis de la mort existe. Ce ph\u00e9nom\u00e8ne s&rsquo;appelle l&rsquo;eutrophisation. Malheureusement, au Canada nos lac vieillissent pr\u00e9matur\u00e9ment d\u00fb en grande partie aux activit\u00e9s humaines qui augmentent de fa\u00e7on significative la s\u00e9dimentation (\u00e9rosion du sol) et les nutriments (engrais naturels et chimiques) qui contribuent \u00e0 la d\u00e9t\u00e9rioration du fond du lac.<\/p>\n<p>En 2007, le conseil municipal du lac des Seize \u00celes a adopt\u00e9 la &laquo;&nbsp;charte des lacs&nbsp;&raquo; de la MRC des Pays d&rsquo;en Haut. Deux r\u00e8glements ont \u00e9t\u00e9 adopt\u00e9s afin de revitaliser les rives du lac des Seize \u00celes et du lac Laurel.<\/p>\n<p><strong>Faits importants pour la pr\u00e9servation du lac:<\/strong><\/p>\n<ul>\n<li>\u00a0L&rsquo;importance de la v\u00e9g\u00e9tation naturelle autour du lac ne peut jamais \u00eatre exag\u00e9r\u00e9e. La v\u00e9g\u00e9tation riveraine procure un habitat important pour la faune et prot\u00e8ge le rivage contre l&rsquo;\u00e9rosion.<\/li>\n<li>Le r\u00e9seau de racines des arbres et des arbustes le long du rivage aide \u00e0 stabiliser le sol et pr\u00e9venir l&rsquo;\u00e9rosion.<\/li>\n<li>Le rivage assure la transition entre les \u00e9cosyst\u00e8me aquatique et terrestre. Le rivage est un habitat pour la flore et la faune: il pr\u00e9vient le r\u00e9chauffement excessif de l&rsquo;eau; il agit en tant que barri\u00e8re contre le transport des s\u00e9diments vers l&rsquo;eau.<\/li>\n<li>La zone riveraine est d\u00e9finie par les premiers 5 m\u00e8tres des 15 m\u00e8tres du rivage mesur\u00e9s \u00e0 partir de la lignes des hautes eaux.<\/li>\n<\/ul>\n<ul>\n<li>La ligne des hautes eaux est utilis\u00e9e pour d\u00e9limiter les limites du rivage. C&rsquo;est le point o\u00f9 les plantes principalement aquatiques deviennent principalement terrestres.<\/li>\n<\/ul>\n<ul>\n<li>Le r\u00e8glement municipal #118-5 interdit la tonte de pelouse, le d\u00e9frichement de terrain, la coupe d&rsquo;arbres et l&rsquo;utilisation d&rsquo;engrais \u00e0 l&rsquo;int\u00e9rieur de cette zone de 5 m\u00e8tres.<\/li>\n<li>La partie peu profonde du lac tout autour du rivage repr\u00e9sente la partie la plus productive du lac. Les perturbations et les d\u00e9rangements de cette partie du lac mettent en danger l&rsquo;\u00e9quilibre pr\u00e9caire des \u00e9cosyst\u00e8me des lacs et devraient \u00eatre \u00e9vit\u00e9s.<\/li>\n<li>La zone du littoral (la zone d&rsquo;eau peu profonde) est un habitat naturel productif o\u00f9 l&rsquo;on retrouve une flore et une faune diverse. Les substrats de fond fournissent les sites de fraie pour plusieurs esp\u00e8ces de poissons. Pour avoir une zone littorale saine, les \u00e9l\u00e9ments naturels doivent avoir \u00e9t\u00e9 pr\u00e9serv\u00e9s.<\/li>\n<\/ul>\n<p><strong>Des solutions simples et durable pour une vie de chalet efficace:\u00a0<\/strong><\/p>\n<ul>\n<li>Planter des arbustes et des arbres pr\u00e8s du rivage<\/li>\n<li>Arr\u00eater de tondre la pelouse pr\u00e8s de la rive<\/li>\n<li>Ne plus utiliser d&rsquo;engrais, de pesticides ou d&rsquo;herbicides<\/li>\n<li>V\u00e9rifier et entretenir le syst\u00e8me de fosse septique<\/li>\n<li>Utiliser des produits sans phosphate<\/li>\n<\/ul>\n<p><strong>*Cyanobact\u00e9rie (algues bleues)<\/strong><\/p>\n<p>Les \u00e9pid\u00e9mies d&rsquo;algues bleues en septembre 2007 ont entra\u00een\u00e9 beaucoup de changements au niveau des gouvernements municipaux du Qu\u00e9bec. Le site web <a href=\"http:\/\/www.mddep.gouv.qc.ca\" target=\"_blank\">http:\/\/www.mddep.gouv.qc.ca<\/a> \u00a0contient une panoplie d&rsquo;information sur des mesures pr\u00e9ventives.<\/p>\n<p><strong>Des r\u00e8glements importants du lac des Seize \u00celes\u00a0<\/strong><\/p>\n<p>Le r\u00e8glement 152 stipule que les fosses septiques doivent \u00eatre drain\u00e9es \u00e0 tous les quatre ans pour un syst\u00e8me utilis\u00e9 sur une base saisonni\u00e8re et \u00e0 tous les deux ans pour les syst\u00e8mes utilis\u00e9s \u00e0 l&rsquo;ann\u00e9e longue.<\/p>\n<p>Le r\u00e8glement 118-5 stipule les normes pour la protection du rivage. Ce r\u00e8glement interdit la tonte pelouse, le d\u00e9frichage, la coupe d&rsquo;arbre et l&rsquo;utilisation d&rsquo;engrais \u00e0 l&rsquo;int\u00e9rieur de la zone de 5 m.<\/p>","protected":false},"excerpt":{"rendered":"<p>Notre lac, une d\u00e9finition: Le lac des Seize \u00celes, comme plusieurs lacs au Canada, est un environnement o\u00f9 le cycle naturel de la naissance, de la croissance puis de la mort existe. Ce ph\u00e9nom\u00e8ne s&rsquo;appelle l&rsquo;eutrophisation. Malheureusement, au Canada nos lac vieillissent pr\u00e9matur\u00e9ment d\u00fb en grande partie aux activit\u00e9s humaines qui augmentent de fa\u00e7on significative [&hellip;]<\/p>\n","protected":false},"author":5,"featured_media":0,"parent":0,"menu_order":0,"comment_status":"closed","ping_status":"closed","template":"","meta":{"ngg_post_thumbnail":0,"footnotes":""},"class_list":["post-562","page","type-page","status-publish","hentry"],"_links":{"self":[{"href":"https:\/\/amisdulac.org\/fr\/wp-json\/wp\/v2\/pages\/562","targetHints":{"allow":["GET"]}}],"collection":[{"href":"https:\/\/amisdulac.org\/fr\/wp-json\/wp\/v2\/pages"}],"about":[{"href":"https:\/\/amisdulac.org\/fr\/wp-json\/wp\/v2\/types\/page"}],"author":[{"embeddable":true,"href":"https:\/\/amisdulac.org\/fr\/wp-json\/wp\/v2\/users\/5"}],"replies":[{"embeddable":true,"href":"https:\/\/amisdulac.org\/fr\/wp-json\/wp\/v2\/comments?post=562"}],"version-history":[{"count":4,"href":"https:\/\/amisdulac.org\/fr\/wp-json\/wp\/v2\/pages\/562\/revisions"}],"predecessor-version":[{"id":566,"href":"https:\/\/amisdulac.org\/fr\/wp-json\/wp\/v2\/pages\/562\/revisions\/566"}],"wp:attachment":[{"href":"https:\/\/amisdulac.org\/fr\/wp-json\/wp\/v2\/media?parent=562"}],"curies":[{"name":"wp","href":"https:\/\/api.w.org\/{rel}","templated":true}]}}