{"id":558,"date":"2012-06-08T13:11:53","date_gmt":"2012-06-08T17:11:53","guid":{"rendered":"http:\/\/www.amisdulacdes16isles.org\/?page_id=558"},"modified":"2012-06-08T13:23:19","modified_gmt":"2012-06-08T17:23:19","slug":"rivage","status":"publish","type":"page","link":"https:\/\/amisdulac.org\/fr\/rivage\/","title":{"rendered":"Rivage"},"content":{"rendered":"<p><strong>Notre rivage, une d\u00e9finition:<\/strong><\/p>\n<p>Le rivage est le terrain qui entoure un environnement aquatique et qui se poursuit vers l&rsquo;int\u00e9rieur des terres \u00e0 partir de la ligne des hautes eaux. Le rivage d\u00e9bute o\u00f9 la zone du littoral finit et forme un environnement terrestre riche et diversifi\u00e9 dans un \u00e9tat naturel.<\/p>\n<p>Les rivages naturels constitu\u00e9s d&rsquo;arbres, d&rsquo;arbustes et d&rsquo;herbes jouent plusieurs r\u00f4les \u00e9cologiques importants au sein des \u00e9cosyst\u00e8mes aquatiques:<\/p>\n<p>Ils fournissent un habitat pour la flore et la faune et agissent comme barricade contre l&rsquo;\u00e9rosion;<\/p>\n<p>Ils filtrent l&rsquo;exc\u00e8s de s\u00e9diments, de nutriments et de contaminants chimiques transport\u00e9 par les eaux de ruissellement;<\/p>\n<p>Ils offrent une protection contre le r\u00e9chauffement excessif de l&rsquo;eau;<\/p>\n<p>Ils permettent de r\u00e9guler le cycle naturel de l&rsquo;eau.<\/p>\n<p>Avec le temps, un \u00e9quilibre se cr\u00e9e entre les diff\u00e9rents \u00e9l\u00e9ments du rivage naturel (plantes, roches, pentes, le drainage pour les eaux de ruissellement, etc.). Ces \u00e9l\u00e9ments \u00e9voluent et s&rsquo;adaptent constamment aux conditions actuelles de l&rsquo;environnent.<\/p>\n<p>Au cours de milliers d&rsquo;ann\u00e9es, les rivages naturels ont \u00e9volu\u00e9 pour devenir le moyen de contr\u00f4le de l&rsquo;\u00e9rosion le plus efficace et le moins dispendieux. La diversit\u00e9 des plantes qui y vivent tissent une v\u00e9ritable toile de racines et de feuillage qui stabilisent les berges et qui leur permettent d&rsquo;endurer l&rsquo;impact du vent, de la pluie et des vagues.<\/p>\n<p>Le rivage d&rsquo;un lac ou d&rsquo;une rivi\u00e8re devient souvent moins stable lorsqu&rsquo;une grande portion de la v\u00e9g\u00e9tation est coup\u00e9e. Les racines qui retenait les diff\u00e9rents \u00e9l\u00e9ments du sol (la terre, les roches, l&rsquo;humus, les nutriments) p\u00e9rissent et ne peuvent plus jouer ce r\u00f4le important. Les particules de terre du rivage peuvent alors \u00eatre rejet\u00e9es dans les ruisseaux et \u00eatre transport\u00e9es sur de grandes distances pour finalement \u00eatre d\u00e9pos\u00e9es sur le fond d&rsquo;environnement aquatique au d\u00e9bit d&rsquo;eau faible comme un lac.\u00a0 La s\u00e9dimentation peut entra\u00eener la d\u00e9t\u00e9rioration des zones d&rsquo;alimentation et les fray\u00e8res. Prenons le touladi par exemple, ce poisson d\u00e9pose ses oeufs sur des fonds rocheux ou rocailleux afin que l&rsquo;eau puisse circuler entre les oeufs pour bien oxyg\u00e9ner les embryons. Si les oeufs sont couverts de s\u00e9diments, les embryons vont \u00eatre priv\u00e9s d&rsquo;oxyg\u00e8ne et ils vont mourir d&rsquo;\u00e9touffement.<\/p>\n<p>Les arbres, les arbustes et les herbes qui poussent naturellement le long de la berge d&rsquo;un ruisseau ou des rives d&rsquo;un lac jouent un r\u00f4le crucial dans la conservation des habitats de poisson. Ils agissent en tant que filtre entre le sol et l&rsquo;eau. Le r\u00e9seau de racines sert tant \u00e0 filtrer les eaux de ruissellement qu&rsquo;\u00e0 stabiliser le rivage. En tant que filtre, ce r\u00e9seau trappe les contaminants avant que ceux-ci n&rsquo;atteignent le cours d&rsquo;eau, en particulier, le phosphore, un nutriment que l&rsquo;on retrouve dans la nature mais qui est aussi pr\u00e9sent dans une vari\u00e9t\u00e9 de produits comme les d\u00e9tergents et les engrais. En quantit\u00e9 excessives, le phosphore peut perturber l&rsquo;\u00e9quilibre d&rsquo;un cours d&rsquo;eau et causer la croissance envahissante d&rsquo;algues et de plantes aquatiques.\u00a0 Les &laquo;&nbsp;algues bleues&nbsp;&raquo; ou efflorescences de cyanobact\u00e9ries, par exemple, peuvent repr\u00e9senter des risques \u00e0 la sant\u00e9 des nageurs ou autre personne qui se trouve dans l&rsquo;environnement aquatique.<\/p>\n<p>De plus, gr\u00e2ce aux feuilles et aux branches, qui minimisent l&rsquo;impact des pluies abondantes ainsi qu&rsquo;aux feuilles mortes, aux aiguilles de pin et aux brindilles cass\u00e9es, qui ralentissent le d\u00e9bit du ruissellement, le sol peut absorber beaucoup mieux l&rsquo;eau de pluie, ce qui r\u00e9duit les risques d&rsquo;inondation et d&rsquo;\u00e9rosion du rivage. Sans cette ligne de d\u00e9fense naturelle, les berges et les habitats aquatiques avoisinants se retrouvent vuln\u00e9rables et \u00e0 la merci des forces de la nature.<\/p>","protected":false},"excerpt":{"rendered":"<p>Notre rivage, une d\u00e9finition: Le rivage est le terrain qui entoure un environnement aquatique et qui se poursuit vers l&rsquo;int\u00e9rieur des terres \u00e0 partir de la ligne des hautes eaux. Le rivage d\u00e9bute o\u00f9 la zone du littoral finit et forme un environnement terrestre riche et diversifi\u00e9 dans un \u00e9tat naturel. Les rivages naturels constitu\u00e9s [&hellip;]<\/p>\n","protected":false},"author":5,"featured_media":0,"parent":0,"menu_order":0,"comment_status":"closed","ping_status":"closed","template":"","meta":{"ngg_post_thumbnail":0,"footnotes":""},"class_list":["post-558","page","type-page","status-publish","hentry"],"_links":{"self":[{"href":"https:\/\/amisdulac.org\/fr\/wp-json\/wp\/v2\/pages\/558","targetHints":{"allow":["GET"]}}],"collection":[{"href":"https:\/\/amisdulac.org\/fr\/wp-json\/wp\/v2\/pages"}],"about":[{"href":"https:\/\/amisdulac.org\/fr\/wp-json\/wp\/v2\/types\/page"}],"author":[{"embeddable":true,"href":"https:\/\/amisdulac.org\/fr\/wp-json\/wp\/v2\/users\/5"}],"replies":[{"embeddable":true,"href":"https:\/\/amisdulac.org\/fr\/wp-json\/wp\/v2\/comments?post=558"}],"version-history":[{"count":3,"href":"https:\/\/amisdulac.org\/fr\/wp-json\/wp\/v2\/pages\/558\/revisions"}],"predecessor-version":[{"id":872,"href":"https:\/\/amisdulac.org\/fr\/wp-json\/wp\/v2\/pages\/558\/revisions\/872"}],"wp:attachment":[{"href":"https:\/\/amisdulac.org\/fr\/wp-json\/wp\/v2\/media?parent=558"}],"curies":[{"name":"wp","href":"https:\/\/api.w.org\/{rel}","templated":true}]}}