{"id":556,"date":"2012-06-08T13:10:53","date_gmt":"2012-06-08T17:10:53","guid":{"rendered":"http:\/\/www.amisdulacdes16isles.org\/?page_id=556"},"modified":"2012-06-08T13:10:53","modified_gmt":"2012-06-08T17:10:53","slug":"bassin-versant-2","status":"publish","type":"page","link":"https:\/\/amisdulac.org\/fr\/bassin-versant-2\/","title":{"rendered":"Bassin versant"},"content":{"rendered":"<p><\/p>\n<div><strong>Bassin versant: planification et gestion\u00a0<\/strong><\/div>\n<p><em>La gestion et la planification des bassins versants<\/em>\u00a0est un effort conjoint des r\u00e9sidents, des municipalit\u00e9s et du gouvernement afin d&rsquo;\u00e9laborer des plans \u00e0 long terme pour les ressources provenant d&rsquo;un bassin versant.<\/p>\n<p><strong>Quelques d\u00e9finitions importantes:<\/strong><\/p>\n<p><em>Bassin\u00a0 versant\u00a0<\/em>\u2013 le territoire dont les eaux se d\u00e9versent dans un lieu donn\u00e9, comme un cours d&rsquo;eau et ses affluents.<\/p>\n<p><em>\u00c9cosyst\u00e8me<\/em>&#8211; L&rsquo;ensemble de l&rsquo;aire, du territoire, de la faune et de la flore, incluant les humains et l&rsquo;interaction entre ceux-ci.<\/p>\n<p>Le\u00a0<strong>but de la gestion et de la planification des bassins versants<\/strong>\u00a0est de mettre sur pied un cadre de r\u00e9f\u00e9rence afin de prot\u00e9ger, de maintenir et de restaurer un bassin-versant naturel tout en prot\u00e9geant l&rsquo;environnement et les besoins sociaux et \u00e9conomiques.<\/p>\n<p><strong>Pourquoi le lac des 16 \u00eeles a besoin d&rsquo;un plan pour son bassin-versant?\u00a0<\/strong><\/p>\n<p>Pour prot\u00e9ger les zones sensibles telles que les aires de fraie, les zones humides, les rivages menac\u00e9s par des changements propos\u00e9s \u00e0 l&rsquo;utilisation des sols.<\/p>\n<p>Afin d&rsquo;\u00e9quilibrer la r\u00e9serve d&rsquo;eau et le besoin en eau.<\/p>\n<p>Pour d\u00e9limiter les param\u00e8tres du plan urbain de la municipalit\u00e9.<\/p>\n<p>Pour g\u00e9rer les cons\u00e9quences de l&rsquo;\u00e9rosion et de l&rsquo;envasement.<\/p>\n<p>Pour aider \u00e0 contr\u00f4ler les effets de la pollution et de la surexploitation des ressources.<\/p>\n<p>Un bassin versant est un \u00e9cosyst\u00e8me o\u00f9 les diff\u00e9rents \u00e9l\u00e9ments naturels interagissent, y compris l&rsquo;eau et les caract\u00e9ristiques terrestres qui d\u00e9pendent de l&rsquo;eau. Il faut se rappeler que les\u00a0<em>activit\u00e9s humaines<\/em>\u00a0ont un impact direct sur la qualit\u00e9 et la quantit\u00e9 des eaux de surface et souterraines, et sur les autres\u00a0 ressources naturelles du bassin versant.<\/p>\n<p><em>Le lac des Seize \u00celes\u00a0<\/em>fait partie du bassin versant de la rivi\u00e8re Rouge et est repr\u00e9sent\u00e9 par un b\u00e9n\u00e9vole qui assiste aux r\u00e9unions et aux autres \u00e9v\u00e9nements organis\u00e9s<em>\u00a0<\/em>par\u00a0<em>South Rouge River Watershed Organization<\/em>. Cet organisme de protection traite des questions importantes telles que:<\/p>\n<ul>\n<li>L&rsquo;identification des d\u00e9veloppements futurs.<\/li>\n<li>La pr\u00e9paration de la gestion des sols et les plans d&rsquo;infrastructure.<\/li>\n<li>La protection des ressources naturelles y compris les r\u00e9serves d&rsquo;eau.<\/li>\n<li>La pr\u00e9vention des inondations et des dommages caus\u00e9s par l&rsquo;\u00e9rosion.<\/li>\n<li>La r\u00e9solution de probl\u00e8mes li\u00e9s \u00e0 l&rsquo;utilisation des sols.<\/li>\n<li>La capacit\u00e9 de prendre des d\u00e9cisions \u00e9quitables, bas\u00e9es sur des preuves scientifiques rigoureuses et \u00e9conomiquement r\u00e9alisables au sujet de l&rsquo;utilisation des sols.<\/li>\n<\/ul>\n<p>En tant que propri\u00e9taires et r\u00e9sidents du lac des Seize \u00celes, nous avons tous la responsabilit\u00e9 de prendre soin de notre bassin versant, en quelque qualit\u00e9 que ce soit. Examinez ceci;<\/p>\n<p>\u00c0 grande \u00e9chelle, on peut concevoir le bassin versant sur une base r\u00e9gionale comme \u00e9tant le lac des Seize \u00celes au grand complet. De prendre soin du bassin versant \u00e0 cet \u00e9chelle peut sembler comme une t\u00e2che insurmontable, mais m\u00eame les moindres efforts ont un effet positif.<\/p>\n<p>\u00c0 plus petite \u00e9chelle, on peut concevoir le bassin versant de fa\u00e7on plus personnelle, par exemple en tant que propri\u00e9taire terrien au sein de la Municipalit\u00e9 de lac des Seize \u00celes. De prendre soin du bassin versant \u00e0 cette \u00e9chelle est beaucoup plus facilement g\u00e9rable lorsque le propri\u00e9taire respecte les r\u00e8glements de la municipalit\u00e9, comme par exemple de suivre un programme de nettoyage pour fausse septique. Et c&rsquo;est encore plus facile lorsqu&rsquo;on combine sa propre initiative avec, par exemple, le compostage de d\u00e9chets m\u00e9nagers. Tous les efforts s&rsquo;additionnent et ont un effet positif sur l&rsquo;ensemble de tout le lac des Seize \u00celes.<\/p>","protected":false},"excerpt":{"rendered":"<p>Bassin versant: planification et gestion\u00a0 La gestion et la planification des bassins versants\u00a0est un effort conjoint des r\u00e9sidents, des municipalit\u00e9s et du gouvernement afin d&rsquo;\u00e9laborer des plans \u00e0 long terme pour les ressources provenant d&rsquo;un bassin versant. Quelques d\u00e9finitions importantes: Bassin\u00a0 versant\u00a0\u2013 le territoire dont les eaux se d\u00e9versent dans un lieu donn\u00e9, comme un [&hellip;]<\/p>\n","protected":false},"author":5,"featured_media":0,"parent":0,"menu_order":0,"comment_status":"closed","ping_status":"closed","template":"","meta":{"ngg_post_thumbnail":0,"footnotes":""},"class_list":["post-556","page","type-page","status-publish","hentry"],"_links":{"self":[{"href":"https:\/\/amisdulac.org\/fr\/wp-json\/wp\/v2\/pages\/556","targetHints":{"allow":["GET"]}}],"collection":[{"href":"https:\/\/amisdulac.org\/fr\/wp-json\/wp\/v2\/pages"}],"about":[{"href":"https:\/\/amisdulac.org\/fr\/wp-json\/wp\/v2\/types\/page"}],"author":[{"embeddable":true,"href":"https:\/\/amisdulac.org\/fr\/wp-json\/wp\/v2\/users\/5"}],"replies":[{"embeddable":true,"href":"https:\/\/amisdulac.org\/fr\/wp-json\/wp\/v2\/comments?post=556"}],"version-history":[{"count":1,"href":"https:\/\/amisdulac.org\/fr\/wp-json\/wp\/v2\/pages\/556\/revisions"}],"predecessor-version":[{"id":557,"href":"https:\/\/amisdulac.org\/fr\/wp-json\/wp\/v2\/pages\/556\/revisions\/557"}],"wp:attachment":[{"href":"https:\/\/amisdulac.org\/fr\/wp-json\/wp\/v2\/media?parent=556"}],"curies":[{"name":"wp","href":"https:\/\/api.w.org\/{rel}","templated":true}]}}