{"id":469,"date":"2012-05-09T10:41:42","date_gmt":"2012-05-09T14:41:42","guid":{"rendered":"http:\/\/www.amisdulacdes16isles.org\/?page_id=469"},"modified":"2012-05-14T10:53:07","modified_gmt":"2012-05-14T14:53:07","slug":"tomclasper","status":"publish","type":"page","link":"https:\/\/amisdulac.org\/fr\/tomclasper\/","title":{"rendered":"Le fonds comm\u00e9moratif Tom Clasper"},"content":{"rendered":"<p>Le fonds comm\u00e9moratif Tom Clasper a \u00e9t\u00e9 \u00e9tabli par sa famille en sa m\u00e9moire avec des dons pour le  Sixteen Island Lake Conservation Association (SILCA). Le fonds a ensuite \u00e9t\u00e9 transf\u00e9r\u00e9 \u00e0 Amis\/Friends avec la mission d&rsquo;offrir aux enfants des exp\u00e9riences \u00e9ducatives sur l&rsquo;environnement.  <\/p>\n<p>Ci-dessous, vous trouverez une br\u00e8ve description des \u00e9v\u00e9nements annuels: <\/p>\n<p><strong>2010<\/strong><\/p>\n<p>Le 2 ao\u00fbt, au club de p\u00eache du lac des Seize \u00celes, la soir\u00e9e familiale de bricolage portait sur les habitants nocturnes du lac. Les participants en ont appris davantage sur  le grand duc d&rsquo;Am\u00e9rique, l&rsquo;\u00e9cureuil volant et la chauve-souris pour ensuite assembler et d\u00e9corer des cabanes \u00e0 chauves-souris qu&rsquo;ils pouvaient installer \u00e0 leurs chalets tout autour du lac. <\/p>\n<p>Les familles ont re\u00e7u de l&rsquo;information sur les six (6) types de chauves-souris que l&rsquo;on retrouve dans notre r\u00e9gion, les deux sortes les plus communes sont la chauve-souris rousse (une chauve-souris solitaire dont le camouflage ressemble \u00e0 une feuille morte pendant la journ\u00e9e) et la petite chauve-souris brune (que l&rsquo;on aper\u00e7oit prendre son envol des goutti\u00e8re au cr\u00e9puscule). Les colonies estivales de 50 petites chauves-souris brunes\u00a0ou plus se compose presque exclusivement de chauves-souris femelles, chacune d&rsquo;entre elles accompagn\u00e9e d&rsquo;un b\u00e9b\u00e9 \u00e0 allaiter.  Les chauves-souris sont toujours les bienvenues puisque chaque soir elles consomment entre 2400-4800 \u00e9ph\u00e9m\u00e8res, moucherons, maringouins et autres insectes. <\/p>\n<p>Nous esp\u00e9rons que les 18 cabanes construites ce soir-l\u00e0 serviront de refuge aux chauve-souris qui sont de plus en plus menac\u00e9e par une perte d&rsquo;habitat et plus r\u00e9cemment, par une maladie qui leur est fatale: le syndrome du museau blanc.  Les nouvelles cabanes \u00e0 chauve-souris ont \u00e9t\u00e9 distribu\u00e9es \u00e9galement autour du lac: chez Campbell Brown \u00e0 la t\u00eate du lac, chez les Lorange \u00e0 l&rsquo;autre extr\u00e9mit\u00e9 du lac, en passant par les Latour \u00e0 l&rsquo;ouest et chez Hamilton Walsh \u00e0 l&rsquo;est. \u00a0 \u00a0 <\/p>\n<p><strong>2011<\/strong><\/p>\n<p>Pour la deuxi\u00e8me ann\u00e9e cons\u00e9cutive, les Amis du lac\/Friends of the Lake a parrain\u00e9 une soir\u00e9e familiale de bricolage le 1er ao\u00fbt 2011. La pr\u00e9sentation de cette ann\u00e9e portait sur les oiseaux: leur habitat, leurs nids, leurs oeufs et leur diversit\u00e9 allant de l&rsquo;oiseau-mouche avec ses oeufs de la grosseur de pois au grand h\u00e9ron qui mesure jusqu&rsquo;\u00e0 4 pieds et demi de hauteur! Comme bricolage les participants ont confectionn\u00e9 des d\u00e9corations de feutre en forme d&rsquo;oiseaux qui conviennent parfaitement \u00e0 un arbre de No\u00ebl ou \u00e0 un mobile.   <\/p>","protected":false},"excerpt":{"rendered":"<p>Le fonds comm\u00e9moratif Tom Clasper a \u00e9t\u00e9 \u00e9tabli par sa famille en sa m\u00e9moire avec des dons pour le Sixteen Island Lake Conservation Association (SILCA). Le fonds a ensuite \u00e9t\u00e9 transf\u00e9r\u00e9 \u00e0 Amis\/Friends avec la mission d&rsquo;offrir aux enfants des exp\u00e9riences \u00e9ducatives sur l&rsquo;environnement. Ci-dessous, vous trouverez une br\u00e8ve description des \u00e9v\u00e9nements annuels: 2010 Le [&hellip;]<\/p>\n","protected":false},"author":5,"featured_media":0,"parent":0,"menu_order":0,"comment_status":"open","ping_status":"open","template":"","meta":{"ngg_post_thumbnail":0,"footnotes":""},"class_list":["post-469","page","type-page","status-publish","hentry"],"_links":{"self":[{"href":"https:\/\/amisdulac.org\/fr\/wp-json\/wp\/v2\/pages\/469","targetHints":{"allow":["GET"]}}],"collection":[{"href":"https:\/\/amisdulac.org\/fr\/wp-json\/wp\/v2\/pages"}],"about":[{"href":"https:\/\/amisdulac.org\/fr\/wp-json\/wp\/v2\/types\/page"}],"author":[{"embeddable":true,"href":"https:\/\/amisdulac.org\/fr\/wp-json\/wp\/v2\/users\/5"}],"replies":[{"embeddable":true,"href":"https:\/\/amisdulac.org\/fr\/wp-json\/wp\/v2\/comments?post=469"}],"version-history":[{"count":5,"href":"https:\/\/amisdulac.org\/fr\/wp-json\/wp\/v2\/pages\/469\/revisions"}],"predecessor-version":[{"id":491,"href":"https:\/\/amisdulac.org\/fr\/wp-json\/wp\/v2\/pages\/469\/revisions\/491"}],"wp:attachment":[{"href":"https:\/\/amisdulac.org\/fr\/wp-json\/wp\/v2\/media?parent=469"}],"curies":[{"name":"wp","href":"https:\/\/api.w.org\/{rel}","templated":true}]}}