{"id":42,"date":"2011-02-26T19:41:07","date_gmt":"2011-02-26T19:41:07","guid":{"rendered":"http:\/\/www.amisdulacdes16isles.org\/?page_id=42"},"modified":"2022-07-05T12:06:35","modified_gmt":"2022-07-05T16:06:35","slug":"fundraising","status":"publish","type":"page","link":"https:\/\/amisdulac.org\/fr\/fundraising\/","title":{"rendered":"Campagne de financement"},"content":{"rendered":"<p>Les fonds n\u00e9cessaires \u00e0 l&rsquo;association proviennent de trois sources diff\u00e9rentes: les cotisations des membres, les dons et les activit\u00e9s-b\u00e9n\u00e9fice, telles que les ventes de nos sacs et de calendriers annuels.<\/p>\n<p>Afin d&rsquo;en apprendre davantage au sujet de nos frais d&rsquo;adh\u00e9sion ou pour faire un don, consultez la section membres de notre site.<\/p>\n<p>Le calendrier annuel est l&rsquo;aboutissement d&rsquo;une id\u00e9e que Chris Campbell a eu il y a quelques ann\u00e9es. Des photographes professionnels et amateurs peuvent soumettre leurs photos \u00e0 l&rsquo;association qui s\u00e9lectionne celles qui seront pr\u00e9sent\u00e9es dans le calendrier. Les photos soumises sont g\u00e9n\u00e9ralement des sc\u00e8ne de nature autour de la municipalit\u00e9, ainsi que quelques chalets, quais et garages \u00e0 bateaux qui capturent bien l&rsquo;essence de la r\u00e9gion. Con\u00e7u par le tr\u00e8s talentueux Tim Boswell, qui d\u00e9veloppe, cr\u00e9e et imprime les calendriers. Les calendriers font de tr\u00e8s beaux cadeaux pour les amis et la famille.<\/p>\n<p>Les calendriers sont g\u00e9n\u00e9ralement en vente lors de l&rsquo;assembl\u00e9e g\u00e9n\u00e9rale annuelle des Amis du lac qui a lieu en juillet ainsi qu&rsquo;\u00e0 divers \u00e9v\u00e9nements organis\u00e9 par l&rsquo;association. Si vous \u00eates int\u00e9ress\u00e9 \u00e0 soumettre des photos pour le prochain calendrier, celles-ci devraient pr\u00e9f\u00e9rablement \u00eatre autour de 3300 pixels de large et de 2700 pixels de haut. Pri\u00e8re de les faire parvenir \u00e0: &nbsp;<a href=\"mailto:tboswell@cdmmontreal.com\" target=\"_blank\" rel=\"noopener noreferrer\">tboswell@cdmmontreal.com<\/a><\/p>","protected":false},"excerpt":{"rendered":"<p>Les fonds n\u00e9cessaires \u00e0 l&rsquo;association proviennent de trois sources diff\u00e9rentes: les cotisations des membres, les dons et les activit\u00e9s-b\u00e9n\u00e9fice, telles que les ventes de nos sacs et de calendriers annuels. Afin d&rsquo;en apprendre davantage au sujet de nos frais d&rsquo;adh\u00e9sion ou pour faire un don, consultez la section membres de notre site. Le calendrier annuel [&hellip;]<\/p>\n","protected":false},"author":5,"featured_media":0,"parent":0,"menu_order":0,"comment_status":"open","ping_status":"open","template":"","meta":{"ngg_post_thumbnail":0,"footnotes":""},"class_list":["post-42","page","type-page","status-publish","hentry"],"_links":{"self":[{"href":"https:\/\/amisdulac.org\/fr\/wp-json\/wp\/v2\/pages\/42","targetHints":{"allow":["GET"]}}],"collection":[{"href":"https:\/\/amisdulac.org\/fr\/wp-json\/wp\/v2\/pages"}],"about":[{"href":"https:\/\/amisdulac.org\/fr\/wp-json\/wp\/v2\/types\/page"}],"author":[{"embeddable":true,"href":"https:\/\/amisdulac.org\/fr\/wp-json\/wp\/v2\/users\/5"}],"replies":[{"embeddable":true,"href":"https:\/\/amisdulac.org\/fr\/wp-json\/wp\/v2\/comments?post=42"}],"version-history":[{"count":14,"href":"https:\/\/amisdulac.org\/fr\/wp-json\/wp\/v2\/pages\/42\/revisions"}],"predecessor-version":[{"id":1636,"href":"https:\/\/amisdulac.org\/fr\/wp-json\/wp\/v2\/pages\/42\/revisions\/1636"}],"wp:attachment":[{"href":"https:\/\/amisdulac.org\/fr\/wp-json\/wp\/v2\/media?parent=42"}],"curies":[{"name":"wp","href":"https:\/\/api.w.org\/{rel}","templated":true}]}}