{"id":411,"date":"2012-04-11T17:12:46","date_gmt":"2012-04-11T17:12:46","guid":{"rendered":"http:\/\/www.amisdulacdes16isles.org\/?page_id=411"},"modified":"2012-06-17T13:18:20","modified_gmt":"2012-06-17T17:18:20","slug":"annual-general-meeting-minutes","status":"publish","type":"page","link":"https:\/\/amisdulac.org\/fr\/annual-general-meeting-minutes\/","title":{"rendered":"Proc\u00e8s-verbal assembl\u00e9e g\u00e9n\u00e9rale des membres"},"content":{"rendered":"<p>Proc\u00e8s-verbaux &#8211; assembl\u00e9es g\u00e9n\u00e9rales des membres:<\/p>\n<p><ul class=\"lcp_catlist\" id=\"lcp_instance_0\"><li><a href=\"https:\/\/amisdulac.org\/fr\/annual-general-meeting-minutes-sep2022\/\">Proc\u00e8s-verbal assembl\u00e9e g\u00e9n\u00e9rale des membres 3 septembre 2022<\/a><\/li><li><a href=\"https:\/\/amisdulac.org\/fr\/annual-general-meeting-minutes-july-15-2021\/\">Proc\u00e8s-verbal assembl\u00e9e g\u00e9n\u00e9rale des membres 15 juillet 2021<\/a><\/li><li><a href=\"https:\/\/amisdulac.org\/fr\/annual-general-meeting-minutes-2020\/\">Proc\u00e8s-verbal assembl\u00e9e g\u00e9n\u00e9rale des membres 2020<\/a><\/li><li><a href=\"https:\/\/amisdulac.org\/fr\/annual-general-meeting-minutes-july-19-2019\/\">Proc\u00e8s-verbal assembl\u00e9e g\u00e9n\u00e9rale des membres 19 juillet 2019<\/a><\/li><li><a href=\"https:\/\/amisdulac.org\/fr\/proces-verbal-assemblee-generale-des-membres-15-juillet-2018\/\">Proc\u00e8s-verbal assembl\u00e9e g\u00e9n\u00e9rale des membres 15 juillet 2018<\/a><\/li><li><a href=\"https:\/\/amisdulac.org\/fr\/proces-verbal-assemblee-generale-des-membres-9-juillet-2017\/\">Proc\u00e8s-verbal assembl\u00e9e g\u00e9n\u00e9rale des membres 9 juillet 2017<\/a><\/li><li><a href=\"https:\/\/amisdulac.org\/fr\/proces-verbal-assemblee-generale-des-membres-17-juillet-2016\/\">Proc\u00e8s-verbal assembl\u00e9e g\u00e9n\u00e9rale des membres 17 juillet 2016<\/a><\/li><li><a href=\"https:\/\/amisdulac.org\/fr\/proces-verbal-assemblee-generale-des-membres-10-juillet-2015\/\">Proc\u00e8s-verbal assembl\u00e9e g\u00e9n\u00e9rale des membres 10 juillet 2015<\/a><\/li><li><a href=\"https:\/\/amisdulac.org\/fr\/proces-verbal-assemblee-generale-des-membres-7-juillet-2014\/\">Proc\u00e8s-verbal assembl\u00e9e g\u00e9n\u00e9rale des membres 7 juillet 2014<\/a><\/li><li><a href=\"https:\/\/amisdulac.org\/fr\/proces-verbal-assemblee-generale-des-membres-13-juillet-2012\/\">Proc\u00e8s-verbal assembl\u00e9e g\u00e9n\u00e9rale des membres 13 juillet 2012<\/a><\/li><\/ul><\/p>","protected":false},"excerpt":{"rendered":"<p>Proc\u00e8s-verbaux &#8211; assembl\u00e9es g\u00e9n\u00e9rales des membres:<\/p>\n","protected":false},"author":5,"featured_media":0,"parent":0,"menu_order":0,"comment_status":"closed","ping_status":"open","template":"","meta":{"ngg_post_thumbnail":0,"footnotes":""},"class_list":["post-411","page","type-page","status-publish","hentry"],"_links":{"self":[{"href":"https:\/\/amisdulac.org\/fr\/wp-json\/wp\/v2\/pages\/411","targetHints":{"allow":["GET"]}}],"collection":[{"href":"https:\/\/amisdulac.org\/fr\/wp-json\/wp\/v2\/pages"}],"about":[{"href":"https:\/\/amisdulac.org\/fr\/wp-json\/wp\/v2\/types\/page"}],"author":[{"embeddable":true,"href":"https:\/\/amisdulac.org\/fr\/wp-json\/wp\/v2\/users\/5"}],"replies":[{"embeddable":true,"href":"https:\/\/amisdulac.org\/fr\/wp-json\/wp\/v2\/comments?post=411"}],"version-history":[{"count":7,"href":"https:\/\/amisdulac.org\/fr\/wp-json\/wp\/v2\/pages\/411\/revisions"}],"predecessor-version":[{"id":492,"href":"https:\/\/amisdulac.org\/fr\/wp-json\/wp\/v2\/pages\/411\/revisions\/492"}],"wp:attachment":[{"href":"https:\/\/amisdulac.org\/fr\/wp-json\/wp\/v2\/media?parent=411"}],"curies":[{"name":"wp","href":"https:\/\/api.w.org\/{rel}","templated":true}]}}