{"id":37,"date":"2011-02-26T19:39:41","date_gmt":"2011-02-26T19:39:41","guid":{"rendered":"http:\/\/www.amisdulacdes16isles.org\/?page_id=37"},"modified":"2011-04-24T14:13:56","modified_gmt":"2011-04-24T14:13:56","slug":"community","status":"publish","type":"page","link":"https:\/\/amisdulac.org\/fr\/community\/","title":{"rendered":"Une vision pour le futur"},"content":{"rendered":"<p>L&rsquo;histoire de la municipalit\u00e9 du Lac des Seize-Iles d\u00e9bute dans les ann\u00e9es 1800. \u00c0 la fin du 19\u00e8me si\u00e8cle et ce jusqu&rsquo;au milieu du vingti\u00e8me, le nombre de r\u00e9sidents tant saisonniers que permanents a augment\u00e9 \u00e0 un rythme mod\u00e9r\u00e9. Toutefois, depuis la fin des ann\u00e9es 40 jusqu&rsquo;\u00e0 aujourd&rsquo;hui le nombre de r\u00e9sidents a augment\u00e9 rapidement, particuli\u00e8rement autour du lac. La d\u00e9mographie a aussi beaucoup chang\u00e9. Les retrait\u00e9s passent davantage de temps au lac, et ils s&rsquo;installent de fa\u00e7on permanente au village ou \u00e0 l&rsquo;extr\u00e9mit\u00e9 sud du lac. Pr\u00e9sentement la pression exerc\u00e9e sur le lac et sur la municipalit\u00e9 est plus intense qu&rsquo;elle ne l&rsquo;a jamais \u00e9t\u00e9. Il n&rsquo;y a qu&rsquo;une quantit\u00e9 limit\u00e9e de terrain disponible pour une demande  qui ne cesse d&rsquo;augmenter provenant non seulement de la communaut\u00e9 mais aussi de la grande r\u00e9gion m\u00e9tropolitaine de Montr\u00e9al et de ses environs. Devant de telles pressions, il est important d&rsquo;\u00eatre proactifs, de planifier le future et de ne pas laisser survenir des changements \u00e0 la municipalit\u00e9 et \u00e0 la vall\u00e9e que les r\u00e9sidents pourraient regretter dans le futur. Il nous faut agir pour que les r\u00e9sultats soient satisfaisants. Afin de prot\u00e9ger la belle vall\u00e9e du bassin versant du Lac des Seize-Iles, il faut une vision future du lac, une vision \u00e0 court terme, pour les prochains 15 ans et une vision \u00e0 long-terme.<\/p>\n<p>Le destin de la municipalit\u00e9 devrait \u00eatre \u00e9tabli pour les g\u00e9n\u00e9rations futures par les r\u00e9sidents permanents et saisonniers. Toutefois, la planification n\u00e9cessitera l&rsquo;aide de professionnels; des professionnels en urbanisme \u00e9cologique, en r\u00e9glementation municipale, en ing\u00e9nierie pour la planification des routes, et en \u00e9cologie des for\u00eats et des lacs du bassin-versant. En travaillant ensemble, les r\u00e9sidents et les professionnels peuvent d\u00e9velopper un plan d&rsquo;action, une vision pour le futur.<\/p>\n<div style=\"font-size: 1.2em; text-decoration: underline;\">Recommandations<\/div>\n<p><strong>Urbaniste \u00e9cologique<\/strong><br \/>\nNous avons tous vu des villes et des villages qui sont attrayants et invitants. Des endroits que nous avons aim\u00e9s et photographi\u00e9s et que nous nous rem\u00e9morons avec joie. Mais il y a aussi les endroits qui n&rsquo;ont pas la m\u00eame ambiance. Des endroits moins beaux et o\u00f9 l&rsquo;on ne choisit pas de s&rsquo;\u00e9tablir ou d&rsquo;y s\u00e9journer.  Afin d&rsquo;atteindre les r\u00e9sultats d\u00e9sir\u00e9s pour le Lac des Seize-Iles et son bassin-versant, il nous faudra l&rsquo;aide d&rsquo;un professionnel; un urbaniste \u00e9cologique professionnel sp\u00e9cialis\u00e9 dans une approche \u00e9co-responsable \u00e0 l&rsquo;urbanisme.  Un professionnel ayant de l&rsquo;exp\u00e9rience au sein de petites municipalit\u00e9s, et qui serait sympathique \u00e0 la vision que les les r\u00e9sidents ont de leur communaut\u00e9. Cet urbaniste \u00e9cologique exp\u00e9riment\u00e9 travaillerait de pair avec les r\u00e9sidents et le comit\u00e9 municipal afin d&rsquo;aider au d\u00e9veloppement d&rsquo;une Vision pour le futur pour le Lac des Seize-Iles. La s\u00e9lection d&rsquo;un urbaniste comp\u00e9tent est essentielle. N&rsquo;importe quel urbaniste ne suffira pas.<\/p>\n<p><strong>D\u00e9mographie da la municipalit\u00e9<\/strong><br \/>\nAfin de mieux comprendre la communaut\u00e9, ses besoins et ses pr\u00e9f\u00e9rences pour le futur, il est important de conna\u00eetre ses donn\u00e9es d\u00e9mographiques.  R\u00e9cemment, il y a eu des changements significatifs et il est important de comprendre les donn\u00e9es d\u00e9mographiques actuelles, autant ce qui a chang\u00e9 que ce qui va probablement changer dans le futur. La plus grande partie de cette information est disponible pr\u00e9sentement et doit \u00eatre organis\u00e9e (\u00e9tudiant). De l&rsquo;information ayant trait aux r\u00e9sides qui sont: permanents, saisonniers; retrait\u00e9s, qui travaillent dans la communaut\u00e9; qui travaillent \u00e0 l&rsquo;ext\u00e9rieur de celle-ci; qui travaille \u00e0 temps partiel ou \u00e0 temps plein; le nombre d&rsquo;enfants; de l&rsquo;\u00e2ge pr\u00e9-scolaire et scolaire.<\/p>\n<p><strong>R\u00e8glements municipaux<\/strong><br \/>\nEtude et mise \u00e0 jour des r\u00e8glements:<\/p>\n<ul>\n<li>R\u00e9viser les r\u00e8glements sur le zonage municipal et inclure les r\u00e9visions dans l&rsquo;\u00e9tude Une vision pour le futur.<\/li>\n<li>Inclure les nouveaux r\u00e8glements sur l&rsquo;avenir des routes, particuli\u00e8rement ceux concernant la possibilit\u00e9 future de routes autour des lacs.<\/li>\n<li>Adapter les nouveaux r\u00e8glements pour prot\u00e9ger l&rsquo;environnement du bassin-versant et des lacs, tout en incluant les nouveaux r\u00e8glements sur l&rsquo;environnement mise en oeuvre dans d&rsquo;autres communaut\u00e9s.<\/li>\n<li>R\u00e9examiner, r\u00e9viser et formuler de nouveaux codes et r\u00e8glements afin d&rsquo;assurer le d\u00e9veloppement d&rsquo;une communaut\u00e9 attrayante et bien planifi\u00e9e.<\/li>\n<li>Prot\u00e9ger la communaut\u00e9 contre le d\u00e9veloppement d\u00e9sorganis\u00e9. Entre autres, il faudra revoir les codes du b\u00e2timent, les r\u00e8glements sur l&rsquo;environnement, les codes du paysagement et les r\u00e8glements sur la conservation du patrimoine.<\/li>\n<\/ul>\n<p><strong>Les routes<\/strong><br \/>\nIl faut engager des ing\u00e9nieurs pour planifier le futur des routes dans le bassin-versant de fa\u00e7on similaire \u00e0 ce qui a \u00e9t\u00e9 r\u00e9alis\u00e9 par le Lac Bark. Des poursuites judiciaires r\u00e9centes font en sorte qu&rsquo;il est maintenant imp\u00e9ratif de planifier pour le futur particuli\u00e8rement en ce qui concerne le pourtour du lac. La majorit\u00e9 des r\u00e9sidents n&rsquo;ont pas acc\u00e8s au lac par route et la majorit\u00e9 d&rsquo;entre eux ne souhaite pas l&rsquo;avoir.  Toutefois, afin d&rsquo;\u00e9viter des poursuites judiciaires dans le futur, les r\u00e8glements devraient \u00eatre fond\u00e9s sur une \u00e9tude technique afin de pr\u00e9venir des conflits ult\u00e9rieurs.<\/p>\n<p><strong>\u00c9cosyst\u00e8me<\/strong><br \/>\nIl faut mener une \u00e9tude pr\u00e9liminaire de l&rsquo;\u00e9cosyst\u00e8me sur le bassin-versant et dans les lacs. Plusieurs r\u00e9sidents se souviennent de l&rsquo;\u00e9poque o\u00f9 le petit lac n&rsquo;\u00e9tait pas rempli d&rsquo;algues et mortel pour les poissons comme c&rsquo;est le cas pr\u00e9sentement. Plusieurs r\u00e9sidents se souviennent du temps o\u00f9 la baie Hammonds n&rsquo;\u00e9tait pas envahie par les algues qui se r\u00e9pandent maintenant le long du lac. De tristes choses sont arriv\u00e9es \u00e0 l&rsquo;\u00e9cosyst\u00e8me du lac. Certaines d&rsquo;entre elles sont \u00e9videntes et peuvent se voir, mais d&rsquo;autres ne peuvent \u00eatre identifi\u00e9es qu&rsquo;en testant l&rsquo;eau et en inspectant la zone littorale sous l&rsquo;eau. Les changements dans les ruisseaux et les forets n&rsquo;ont pas \u00e9t\u00e9 \u00e9tudi\u00e9s. Il n&rsquo;y a aucun rapport sur l&rsquo;\u00e9tat du bassin-versant et les changements qui l&rsquo;affectent.<\/p>\n<p><strong>Subvention de la MRC<\/strong><br \/>\nSoumission de quatre \u00e9tudes potentielles \u00e0 la MRC pour un financement provenant de la subvention pour milieux d\u00e9favoris\u00e9s:<\/p>\n<ul>\n<li>Une \u00e9tude men\u00e9e par un urbaniste \u00e9cologique professionnel qui aiderait au d\u00e9veloppement d&rsquo;une vision pour le futur et qui recommanderait une planification \u00e0 long terme pour la municipalit\u00e9, ce qui inclurait une r\u00e9vision des donn\u00e9es d\u00e9mographiques par le personnel municipal (\u00e9tudiant).<\/li>\n<li>Une \u00e9tude men\u00e9e par des ing\u00e9nieurs afin de pr\u00e9parer un plan des routes autour du lac. Voir le Lac Bark.<\/li>\n<li>Une \u00e9tude des r\u00e8glements municipaux et des recommandations quant \u00e0 des r\u00e9visions \u00e0 ceux-ci dans le cadre d&rsquo;une vision pour le futur, ce qui inclurait, sans se limiter aux r\u00e8glements sur le zonage, les codes du b\u00e2timent, les r\u00e8glements environnementaux et les r\u00e8glements sur la conservation du patrimoine.<\/li>\n<li>Une \u00e9tude sur les \u00e9cosyst\u00e8mes du bassin-versant et des lacs. Il faut cr\u00e9er un inventaire pr\u00e9liminaire des \u00e9cosyst\u00e8mes pour \u00e9tablir les conditions et les recommandations pour un plan d&rsquo;action (Voir le travail accompli par le Lac Bark). Le travail est sommairement enclench\u00e9 avec l&rsquo;\u00e9tude de la zone littorale des eaux du Lac des Seize-Iles, du petit lac et du Lac Laurel.<\/li>\n<\/ul>\n<p><strong>Mise en oeuvre des recommandations<\/strong><br \/>\nIl faut demander des subventions au gouvernement provincial et f\u00e9d\u00e9ral pour la mise en oeuvre des recommandations des \u00e9tudes.<\/p>\n<p><strong>La vision<\/strong><\/p>\n<ul>\n<li>Un beau village invitant au coeur des Laurentides tant pour les r\u00e9sidents que pour les visiteurs.<\/li>\n<li>Une destination privil\u00e9gi\u00e9e lors de balade en voiture \u00e0 la campagne avec sortie au restaurant ou encore dans un salon de th\u00e9. Un endroit id\u00e9al pour contempler les couleurs d&rsquo;automne et s&rsquo;adonner \u00e0 la photographie.<\/li>\n<li>Des sentiers de randonn\u00e9e p\u00e9destre s\u00e9curitaires pour les visiteurs et les r\u00e9sidents qui appr\u00e9cient la beaut\u00e9 et la s\u00e9r\u00e9nit\u00e9 des montagnes et des lacs.<\/li>\n<li>Un endroit qui encourage les visiteurs \u00e9co-responsables \u00e0 marcher, \u00e0 faire de la randonn\u00e9e, du v\u00e9lo, du kayak, du ski puis aller se ressourcer au restaurant.<\/li>\n<li>Des parcs au bord de l&rsquo;eau pour profiter des cours d&rsquo;eau et pour profiter de la vue du lac.<\/li>\n<li>Une plage pour l&rsquo;\u00e9t\u00e9 et une glissade de glace pour l&rsquo;hiver.<\/li>\n<li>Des sentiers pour faire de la randonn\u00e9e dans les collines l&rsquo;\u00e9t\u00e9, et pour faire du ski de fond l&rsquo;hiver, des pistes cyclables, un corridor a\u00e9robique, du kayak et du canot.<\/li>\n<li>Des programmes environnementaux afin de prot\u00e9ger l&rsquo;\u00e9cosyst\u00e8me, les terrains et l&rsquo;eau.<\/li>\n<li>L&rsquo;acc\u00e8s \u00e0 internet \u00e0 haute vitesse pour faciliter le travail \u00e0 la maison.<\/li>\n<li>Une communaut\u00e9 qui permet au famille de travailler de la maison, un endroit o\u00f9 l&rsquo;on peut profiter de la retraite, et un endroit s\u00e9curitaire o\u00f9 \u00e9lever sa famille.<\/li>\n<\/ul>\n<p><strong>\u00c0 \u00e9viter<\/strong><\/p>\n<ul>\n<li>Il faut \u00e9viter une augmentation massive de la population sur le territoire limit\u00e9 du bassin-versant que l&rsquo;environnement de celui-ci ne pourrait tol\u00e9rer.<\/li>\n<li>Il faut \u00e9viter les logements multifamiliaux et les condominiums qui augmentent la densit\u00e9 et la pression sur l&rsquo;\u00e9cosyst\u00e8me.<\/li>\n<li>Il faut \u00e9viter un trop grand nombre de r\u00e9sidences autour du lac, sur les collines et sur les petits terrains du village o\u00f9 l&rsquo;on retrouve les petites maison du genre &laquo;&nbsp;Flamingo&nbsp;&raquo;.<\/li>\n<li>Il faut \u00e9viter un trop grand nombre de touristes (p. ex. les autobus nolis\u00e9s, en bateau \u00e0 grande vitesse, en motomarine, sur des bateaux de tourisme et en avion).<\/li>\n<\/ul>\n<p>f\u00e9vrier 2010<\/p>","protected":false},"excerpt":{"rendered":"<p>L&rsquo;histoire de la municipalit\u00e9 du Lac des Seize-Iles d\u00e9bute dans les ann\u00e9es 1800. \u00c0 la fin du 19\u00e8me si\u00e8cle et ce jusqu&rsquo;au milieu du vingti\u00e8me, le nombre de r\u00e9sidents tant saisonniers que permanents a augment\u00e9 \u00e0 un rythme mod\u00e9r\u00e9. Toutefois, depuis la fin des ann\u00e9es 40 jusqu&rsquo;\u00e0 aujourd&rsquo;hui le nombre de r\u00e9sidents a augment\u00e9 rapidement, [&hellip;]<\/p>\n","protected":false},"author":5,"featured_media":0,"parent":0,"menu_order":0,"comment_status":"open","ping_status":"open","template":"","meta":{"ngg_post_thumbnail":0,"footnotes":""},"class_list":["post-37","page","type-page","status-publish","hentry"],"_links":{"self":[{"href":"https:\/\/amisdulac.org\/fr\/wp-json\/wp\/v2\/pages\/37","targetHints":{"allow":["GET"]}}],"collection":[{"href":"https:\/\/amisdulac.org\/fr\/wp-json\/wp\/v2\/pages"}],"about":[{"href":"https:\/\/amisdulac.org\/fr\/wp-json\/wp\/v2\/types\/page"}],"author":[{"embeddable":true,"href":"https:\/\/amisdulac.org\/fr\/wp-json\/wp\/v2\/users\/5"}],"replies":[{"embeddable":true,"href":"https:\/\/amisdulac.org\/fr\/wp-json\/wp\/v2\/comments?post=37"}],"version-history":[{"count":26,"href":"https:\/\/amisdulac.org\/fr\/wp-json\/wp\/v2\/pages\/37\/revisions"}],"predecessor-version":[{"id":105,"href":"https:\/\/amisdulac.org\/fr\/wp-json\/wp\/v2\/pages\/37\/revisions\/105"}],"wp:attachment":[{"href":"https:\/\/amisdulac.org\/fr\/wp-json\/wp\/v2\/media?parent=37"}],"curies":[{"name":"wp","href":"https:\/\/api.w.org\/{rel}","templated":true}]}}