{"id":353,"date":"2012-03-29T13:10:55","date_gmt":"2012-03-29T13:10:55","guid":{"rendered":"http:\/\/www.amisdulacdes16isles.org\/?page_id=353"},"modified":"2019-05-14T07:47:41","modified_gmt":"2019-05-14T11:47:41","slug":"events-calendar","status":"publish","type":"page","link":"https:\/\/amisdulac.org\/fr\/events-calendar\/","title":{"rendered":"\u00e9v\u00e9nements \u00e0 venir"},"content":{"rendered":"<p><\/p>\n<h4>Assembl\u00e9e g\u00e9n\u00e9rale annuelle<\/h4>\n<p><strong>Vendredi le 13 juillet 2012 \u00e0 19:00 heures<\/strong><\/p>\n<p>L&rsquo;assembl\u00e9e aura lieu au Centre Marcel Tass\u00e9, au village.<\/p>","protected":false},"excerpt":{"rendered":"<p>Assembl\u00e9e g\u00e9n\u00e9rale annuelle Vendredi le 13 juillet 2012 \u00e0 19:00 heures L&rsquo;assembl\u00e9e aura lieu au Centre Marcel Tass\u00e9, au village.<\/p>\n","protected":false},"author":5,"featured_media":0,"parent":0,"menu_order":0,"comment_status":"closed","ping_status":"open","template":"","meta":{"ngg_post_thumbnail":0,"footnotes":""},"class_list":["post-353","page","type-page","status-publish","hentry"],"_links":{"self":[{"href":"https:\/\/amisdulac.org\/fr\/wp-json\/wp\/v2\/pages\/353","targetHints":{"allow":["GET"]}}],"collection":[{"href":"https:\/\/amisdulac.org\/fr\/wp-json\/wp\/v2\/pages"}],"about":[{"href":"https:\/\/amisdulac.org\/fr\/wp-json\/wp\/v2\/types\/page"}],"author":[{"embeddable":true,"href":"https:\/\/amisdulac.org\/fr\/wp-json\/wp\/v2\/users\/5"}],"replies":[{"embeddable":true,"href":"https:\/\/amisdulac.org\/fr\/wp-json\/wp\/v2\/comments?post=353"}],"version-history":[{"count":12,"href":"https:\/\/amisdulac.org\/fr\/wp-json\/wp\/v2\/pages\/353\/revisions"}],"predecessor-version":[{"id":911,"href":"https:\/\/amisdulac.org\/fr\/wp-json\/wp\/v2\/pages\/353\/revisions\/911"}],"wp:attachment":[{"href":"https:\/\/amisdulac.org\/fr\/wp-json\/wp\/v2\/media?parent=353"}],"curies":[{"name":"wp","href":"https:\/\/api.w.org\/{rel}","templated":true}]}}