{"id":322,"date":"2011-05-11T19:56:05","date_gmt":"2011-05-11T19:56:05","guid":{"rendered":"http:\/\/www.amisdulacdes16isles.org\/?page_id=322"},"modified":"2012-05-01T12:08:51","modified_gmt":"2012-05-01T16:08:51","slug":"privacy-policy","status":"publish","type":"page","link":"https:\/\/amisdulac.org\/fr\/privacy-policy\/","title":{"rendered":"Politique de confidentialit\u00e9"},"content":{"rendered":"<p><\/p>\n<ul>\n<li>La liste des membres, qui contient l&rsquo;information personnelle (nom, adresse, num\u00e9ro de t\u00e9l\u00e9phone et adresse de courriel) sera prot\u00e9g\u00e9e. <\/li>\n<li>L&rsquo;acc\u00e8s \u00e0 la liste sera r\u00e9serv\u00e9 au conseil d&rsquo;administration de Friends\/Amis et au pr\u00e9sident des communications. <\/li>\n<li>Le gestionnaire en charge de la banque de donn\u00e9es sera responsable de la mise \u00e0 jour de l&rsquo;information. <\/li>\n<li>La liste sera utilis\u00e9e \u00e0 des fins clairement d\u00e9finies par Friends\/Amis telles que:\u2028lettres d&rsquo;information, d\u00e9pliants, notifications des activit\u00e9s, des dates et des r\u00e9unions que les directeurs de Friends\/Amis consid\u00e8rent dignes d&rsquo;int\u00e9r\u00eat pour nos membres et apparent\u00e9s \u00e0 notre mandat. Lorsque la majorit\u00e9 des directeurs sont daccord qu&rsquo;une situation sp\u00e9ciale, qui pourrait affecter les propri\u00e9taires, nous oblige \u00e0 consulter tous les membres.<\/li>\n<li>En aucun cas Friends\/Amis ne r\u00e9v\u00e8le la liste d&rsquo;information personnelle \u00e0 une tierce partie sans avoir, pr\u00e9alablement obtenu un consentement \u00e9clair\u00e9.<\/li>\n<li>Lorsqu&rsquo;une personne ne vit plus dans la communaut\u00e9 ou lorsqu&rsquo;un individu en fait la demande, l&rsquo;information personnelle sera suprim\u00e9e de la liste.<\/li>\n<\/ul>\n<p><\/p>","protected":false},"excerpt":{"rendered":"<p>La liste des membres, qui contient l&rsquo;information personnelle (nom, adresse, num\u00e9ro de t\u00e9l\u00e9phone et adresse de courriel) sera prot\u00e9g\u00e9e. L&rsquo;acc\u00e8s \u00e0 la liste sera r\u00e9serv\u00e9 au conseil d&rsquo;administration de Friends\/Amis et au pr\u00e9sident des communications. Le gestionnaire en charge de la banque de donn\u00e9es sera responsable de la mise \u00e0 jour de l&rsquo;information. La liste [&hellip;]<\/p>\n","protected":false},"author":5,"featured_media":0,"parent":0,"menu_order":0,"comment_status":"closed","ping_status":"open","template":"","meta":{"ngg_post_thumbnail":0,"footnotes":""},"class_list":["post-322","page","type-page","status-publish","hentry"],"_links":{"self":[{"href":"https:\/\/amisdulac.org\/fr\/wp-json\/wp\/v2\/pages\/322","targetHints":{"allow":["GET"]}}],"collection":[{"href":"https:\/\/amisdulac.org\/fr\/wp-json\/wp\/v2\/pages"}],"about":[{"href":"https:\/\/amisdulac.org\/fr\/wp-json\/wp\/v2\/types\/page"}],"author":[{"embeddable":true,"href":"https:\/\/amisdulac.org\/fr\/wp-json\/wp\/v2\/users\/5"}],"replies":[{"embeddable":true,"href":"https:\/\/amisdulac.org\/fr\/wp-json\/wp\/v2\/comments?post=322"}],"version-history":[{"count":4,"href":"https:\/\/amisdulac.org\/fr\/wp-json\/wp\/v2\/pages\/322\/revisions"}],"predecessor-version":[{"id":435,"href":"https:\/\/amisdulac.org\/fr\/wp-json\/wp\/v2\/pages\/322\/revisions\/435"}],"wp:attachment":[{"href":"https:\/\/amisdulac.org\/fr\/wp-json\/wp\/v2\/media?parent=322"}],"curies":[{"name":"wp","href":"https:\/\/api.w.org\/{rel}","templated":true}]}}