{"id":225,"date":"2011-03-26T16:46:16","date_gmt":"2011-03-26T16:46:16","guid":{"rendered":"http:\/\/www.amisdulacdes16isles.org\/?page_id=225"},"modified":"2012-06-17T13:47:17","modified_gmt":"2012-06-17T17:47:17","slug":"activities","status":"publish","type":"page","link":"https:\/\/amisdulac.org\/fr\/activities\/","title":{"rendered":"Nos Activit\u00e9s"},"content":{"rendered":"<p><ul class=\"lcp_catlist\" id=\"lcp_instance_0\"><li><a href=\"https:\/\/amisdulac.org\/fr\/spring-summer-newsletter-2025\/\">Lettre d&rsquo;information &#8211; printemps-\u00e9t\u00e9 2025<\/a><\/li><li><a href=\"https:\/\/amisdulac.org\/fr\/spring-summer-newsletter-2024\/\">Lettre d&rsquo;information &#8211; printemps-\u00e9t\u00e9 2024<\/a><\/li><li><a href=\"https:\/\/amisdulac.org\/fr\/spring-summer-newsletter-2023\/\">Lettre d&rsquo;information &#8211; printemps-\u00e9t\u00e9 2023<\/a><\/li><li><a href=\"https:\/\/amisdulac.org\/fr\/annual-general-meeting-minutes-sep2022\/\">Proc\u00e8s-verbal assembl\u00e9e g\u00e9n\u00e9rale des membres 3 septembre 2022<\/a><\/li><li><a href=\"https:\/\/amisdulac.org\/fr\/spring-summer-newsletter-2022\/\">Lettre d&rsquo;information &#8211; printemps-\u00e9t\u00e9 2022<\/a><\/li><li><a href=\"https:\/\/amisdulac.org\/fr\/annual-general-meeting-minutes-july-15-2021\/\">Proc\u00e8s-verbal assembl\u00e9e g\u00e9n\u00e9rale des membres 15 juillet 2021<\/a><\/li><li><a href=\"https:\/\/amisdulac.org\/fr\/annual-general-meeting-minutes-2020\/\">Proc\u00e8s-verbal assembl\u00e9e g\u00e9n\u00e9rale des membres 2020<\/a><\/li><li><a href=\"https:\/\/amisdulac.org\/fr\/annual-general-meeting-minutes-july-19-2019\/\">Proc\u00e8s-verbal assembl\u00e9e g\u00e9n\u00e9rale des membres 19 juillet 2019<\/a><\/li><li><a href=\"https:\/\/amisdulac.org\/fr\/spring-summer-newsletter-2021\/\">Lettre d&rsquo;information &#8211; printemps-\u00e9t\u00e9 2021<\/a><\/li><li><a href=\"https:\/\/amisdulac.org\/fr\/lettre-dinformation-autumn-2020-2\/\">Lettre d&rsquo;information &#8211; d&rsquo;automne 2020<\/a><\/li><\/ul><\/p>","protected":false},"excerpt":{"rendered":"","protected":false},"author":5,"featured_media":0,"parent":0,"menu_order":0,"comment_status":"closed","ping_status":"open","template":"","meta":{"ngg_post_thumbnail":0,"footnotes":""},"class_list":["post-225","page","type-page","status-publish","hentry"],"_links":{"self":[{"href":"https:\/\/amisdulac.org\/fr\/wp-json\/wp\/v2\/pages\/225","targetHints":{"allow":["GET"]}}],"collection":[{"href":"https:\/\/amisdulac.org\/fr\/wp-json\/wp\/v2\/pages"}],"about":[{"href":"https:\/\/amisdulac.org\/fr\/wp-json\/wp\/v2\/types\/page"}],"author":[{"embeddable":true,"href":"https:\/\/amisdulac.org\/fr\/wp-json\/wp\/v2\/users\/5"}],"replies":[{"embeddable":true,"href":"https:\/\/amisdulac.org\/fr\/wp-json\/wp\/v2\/comments?post=225"}],"version-history":[{"count":34,"href":"https:\/\/amisdulac.org\/fr\/wp-json\/wp\/v2\/pages\/225\/revisions"}],"predecessor-version":[{"id":650,"href":"https:\/\/amisdulac.org\/fr\/wp-json\/wp\/v2\/pages\/225\/revisions\/650"}],"wp:attachment":[{"href":"https:\/\/amisdulac.org\/fr\/wp-json\/wp\/v2\/media?parent=225"}],"curies":[{"name":"wp","href":"https:\/\/api.w.org\/{rel}","templated":true}]}}