{"id":2244,"date":"2025-09-13T15:02:36","date_gmt":"2025-09-13T20:02:36","guid":{"rendered":"https:\/\/amisdulac.org\/?page_id=2244"},"modified":"2025-10-06T11:13:29","modified_gmt":"2025-10-06T16:13:29","slug":"information","status":"publish","type":"page","link":"https:\/\/amisdulac.org\/fr\/information\/","title":{"rendered":"Informations communautaires"},"content":{"rendered":"<p><\/p>\n<div id=\"pexetocaret\">&nbsp;<\/div>\n<h6 style=\"text-align: center;\"><img loading=\"lazy\" decoding=\"async\" class=\"alignnone wp-image-2275\" src=\"https:\/\/amisdulac.org\/wp-content\/uploads\/2025\/08\/check-mark-green-150x150.png\" alt=\"\" width=\"25\" height=\"26\" srcset=\"https:\/\/amisdulac.org\/wp-content\/uploads\/2025\/08\/check-mark-green-150x150.png 150w, https:\/\/amisdulac.org\/wp-content\/uploads\/2025\/08\/check-mark-green.png 161w\" sizes=\"auto, (max-width: 25px) 100vw, 25px\" \/>Veuillez cliquer sur le lien pour ouvrir le document.&nbsp; <img loading=\"lazy\" decoding=\"async\" class=\"alignnone wp-image-2275\" src=\"https:\/\/amisdulac.org\/wp-content\/uploads\/2025\/08\/check-mark-green-150x150.png\" alt=\"\" width=\"25\" height=\"26\" srcset=\"https:\/\/amisdulac.org\/wp-content\/uploads\/2025\/08\/check-mark-green-150x150.png 150w, https:\/\/amisdulac.org\/wp-content\/uploads\/2025\/08\/check-mark-green.png 161w\" sizes=\"auto, (max-width: 25px) 100vw, 25px\" \/>Effectuez vos modifications.&nbsp; <img loading=\"lazy\" decoding=\"async\" class=\"alignnone wp-image-2275\" src=\"https:\/\/amisdulac.org\/wp-content\/uploads\/2025\/08\/check-mark-green-150x150.png\" alt=\"\" width=\"25\" height=\"26\" srcset=\"https:\/\/amisdulac.org\/wp-content\/uploads\/2025\/08\/check-mark-green-150x150.png 150w, https:\/\/amisdulac.org\/wp-content\/uploads\/2025\/08\/check-mark-green.png 161w\" sizes=\"auto, (max-width: 25px) 100vw, 25px\" \/>Fermez l&rsquo;onglet.<\/h6>\n<div class=\"columns-wrapper\">\n<div>&nbsp;<\/div>\n<div class=\"two-columns\" style=\"text-align: center;\">\n<p><a href=\"https:\/\/docs.google.com\/spreadsheets\/d\/1ouR5P2uM0IAo9u1t2z01Z_djMY60mQT4\/edit?usp=sharing&amp;ouid=116734560355730586684&amp;rtpof=true&amp;sd=true\" target=\"_blank\" rel=\"noopener\">Bottin t\u00e9l\u00e9phonique de Lac<\/a><a href=\"https:\/\/docs.google.com\/spreadsheets\/d\/1kl8zRMeQ9--0K9mghdQUqwK-Bmcw1XdweMq-VdsMbgs\/edit?usp=sharing\" target=\"_blank\" rel=\"noopener\"><img loading=\"lazy\" decoding=\"async\" class=\"aligncenter wp-image-2262\" src=\"https:\/\/amisdulac.org\/wp-content\/uploads\/2025\/08\/contact-list-trans.png\" alt=\"\" width=\"227\" height=\"273\" srcset=\"https:\/\/amisdulac.org\/wp-content\/uploads\/2025\/08\/contact-list-trans.png 253w, https:\/\/amisdulac.org\/wp-content\/uploads\/2025\/08\/contact-list-trans-250x300.png 250w, https:\/\/amisdulac.org\/wp-content\/uploads\/2025\/08\/contact-list-trans-166x200.png 166w\" sizes=\"auto, (max-width: 227px) 100vw, 227px\" \/><\/a><\/p>\n<\/div>\n<div>&nbsp;<\/div>\n<div class=\"two-columns nomargin\" style=\"text-align: center;\"><a href=\"https:\/\/docs.google.com\/spreadsheets\/d\/1IynemUkZAScdksNfNqf0ci5cEBaXJi_m\/edit?usp=sharing&amp;ouid=116734560355730586684&amp;rtpof=true&amp;sd=true\" target=\"_blank\" rel=\"noopener\">Liste des pompes \u00e0 incendie<\/a><a href=\"https:\/\/docs.google.com\/spreadsheets\/d\/1AwYy85LnTAnpSymO5UmCSfB_rR8GqoPRYgjSWdBOx9I\/edit?usp=sharing\" target=\"_blank\" rel=\"noopener\"><img loading=\"lazy\" decoding=\"async\" class=\"aligncenter wp-image-2263\" src=\"https:\/\/amisdulac.org\/wp-content\/uploads\/2025\/08\/fire-hose-trans.png\" alt=\"\" width=\"222\" height=\"264\" srcset=\"https:\/\/amisdulac.org\/wp-content\/uploads\/2025\/08\/fire-hose-trans.png 277w, https:\/\/amisdulac.org\/wp-content\/uploads\/2025\/08\/fire-hose-trans-253x300.png 253w, https:\/\/amisdulac.org\/wp-content\/uploads\/2025\/08\/fire-hose-trans-168x200.png 168w\" sizes=\"auto, (max-width: 222px) 100vw, 222px\" \/><\/a><\/div>\n<div>&nbsp;<\/div>\n<div>&nbsp;<\/div>\n<\/div>\n<h5 style=\"text-align: center;\">Veuillez modifier uniquement vos informations<\/h5>\n<h5 style=\"text-align: center;\">.<\/h5>\n<p><\/p>","protected":false},"excerpt":{"rendered":"<p>&nbsp; Veuillez cliquer sur le lien pour ouvrir le document.&nbsp; Effectuez vos modifications.&nbsp; Fermez l&rsquo;onglet. &nbsp; Bottin t\u00e9l\u00e9phonique de Lac &nbsp; Liste des pompes \u00e0 incendie &nbsp; &nbsp; Veuillez modifier uniquement vos informations .<\/p>\n","protected":false},"author":5,"featured_media":0,"parent":0,"menu_order":0,"comment_status":"closed","ping_status":"closed","template":"","meta":{"ngg_post_thumbnail":0,"footnotes":""},"class_list":["post-2244","page","type-page","status-publish","hentry"],"_links":{"self":[{"href":"https:\/\/amisdulac.org\/fr\/wp-json\/wp\/v2\/pages\/2244","targetHints":{"allow":["GET"]}}],"collection":[{"href":"https:\/\/amisdulac.org\/fr\/wp-json\/wp\/v2\/pages"}],"about":[{"href":"https:\/\/amisdulac.org\/fr\/wp-json\/wp\/v2\/types\/page"}],"author":[{"embeddable":true,"href":"https:\/\/amisdulac.org\/fr\/wp-json\/wp\/v2\/users\/5"}],"replies":[{"embeddable":true,"href":"https:\/\/amisdulac.org\/fr\/wp-json\/wp\/v2\/comments?post=2244"}],"version-history":[{"count":80,"href":"https:\/\/amisdulac.org\/fr\/wp-json\/wp\/v2\/pages\/2244\/revisions"}],"predecessor-version":[{"id":2265,"href":"https:\/\/amisdulac.org\/fr\/wp-json\/wp\/v2\/pages\/2244\/revisions\/2265"}],"wp:attachment":[{"href":"https:\/\/amisdulac.org\/fr\/wp-json\/wp\/v2\/media?parent=2244"}],"curies":[{"name":"wp","href":"https:\/\/api.w.org\/{rel}","templated":true}]}}