{"id":21,"date":"2011-02-26T19:21:36","date_gmt":"2011-02-26T19:21:36","guid":{"rendered":"http:\/\/www.amisdulacdes16isles.org\/?page_id=21"},"modified":"2024-08-01T11:02:36","modified_gmt":"2024-08-01T16:02:36","slug":"executive-and-board","status":"publish","type":"page","link":"https:\/\/amisdulac.org\/fr\/executive-and-board\/","title":{"rendered":"Conseil ex\u00e9cutif et d&rsquo;administration"},"content":{"rendered":"<p><\/p>\n<div class=\"columns-wrapper\">\n<div class=\"two-columns\">\n<div style=\"padding-bottom: 5px;\"><strong>Membres ex\u00e9cutifs 2022:<\/strong><\/div>\n<div>Michael Hyde <span style=\"color: #ff9900;\">[pr\u00e9sident]<\/span><\/div>\n<div>Dave Logan <span style=\"color: #ff9900;\">[ancien pr\u00e9sident]<\/span><\/div>\n<div>Bill Clelland &nbsp;<span style=\"color: #ff9900;\">[conseiller ex\u00e9cutif]<\/span><\/div>\n<div>Annie Barbeau&nbsp;<span style=\"color: #ff9900;\">[tr\u00e9sorier]<\/span><\/div>\n<div>Nan Laurenzio [<span style=\"color: #ff9900;\">secr\u00e9taire<\/span>]<\/div>\n<div>Janet Hyde <span style=\"color: #ff9900;\">[adh\u00e9sion]<\/span><\/div>\n<div>Connor Manrique-Johnson <span style=\"color: #ff9900;\">[directeur de la communication]<\/span><\/div>\n<\/div>\n<div class=\"two-columns nomargin\">\n<div style=\"padding-bottom: 5px;\"><strong>Membres du conseil d&rsquo;administration 2022:<\/strong><\/div>\n<div>Chris Campbell<\/div>\n<div>David Kerr<\/div>\n<div>Louise Pharand Lorange<\/div>\n<div>Marie-Claire Lorange<\/div>\n<div>Marie-Eve Bonneville<\/div>\n<div>Ian Swan<\/div>\n<\/div>\n<\/div>\n<p><\/p>","protected":false},"excerpt":{"rendered":"<p>Membres ex\u00e9cutifs 2022: Michael Hyde [pr\u00e9sident] Dave Logan [ancien pr\u00e9sident] Bill Clelland &nbsp;[conseiller ex\u00e9cutif] Annie Barbeau&nbsp;[tr\u00e9sorier] Nan Laurenzio [secr\u00e9taire] Janet Hyde [adh\u00e9sion] Connor Manrique-Johnson [directeur de la communication] Membres du conseil d&rsquo;administration 2022: Chris Campbell David Kerr Louise Pharand Lorange Marie-Claire Lorange Marie-Eve Bonneville Ian Swan<\/p>\n","protected":false},"author":5,"featured_media":0,"parent":0,"menu_order":0,"comment_status":"open","ping_status":"open","template":"","meta":{"ngg_post_thumbnail":0,"footnotes":""},"class_list":["post-21","page","type-page","status-publish","hentry"],"_links":{"self":[{"href":"https:\/\/amisdulac.org\/fr\/wp-json\/wp\/v2\/pages\/21","targetHints":{"allow":["GET"]}}],"collection":[{"href":"https:\/\/amisdulac.org\/fr\/wp-json\/wp\/v2\/pages"}],"about":[{"href":"https:\/\/amisdulac.org\/fr\/wp-json\/wp\/v2\/types\/page"}],"author":[{"embeddable":true,"href":"https:\/\/amisdulac.org\/fr\/wp-json\/wp\/v2\/users\/5"}],"replies":[{"embeddable":true,"href":"https:\/\/amisdulac.org\/fr\/wp-json\/wp\/v2\/comments?post=21"}],"version-history":[{"count":50,"href":"https:\/\/amisdulac.org\/fr\/wp-json\/wp\/v2\/pages\/21\/revisions"}],"predecessor-version":[{"id":2123,"href":"https:\/\/amisdulac.org\/fr\/wp-json\/wp\/v2\/pages\/21\/revisions\/2123"}],"wp:attachment":[{"href":"https:\/\/amisdulac.org\/fr\/wp-json\/wp\/v2\/media?parent=21"}],"curies":[{"name":"wp","href":"https:\/\/api.w.org\/{rel}","templated":true}]}}