{"id":1865,"date":"2023-07-24T14:06:46","date_gmt":"2023-07-24T18:06:46","guid":{"rendered":"http:\/\/www.amisdulacdes16iles.org\/?page_id=1865"},"modified":"2023-07-24T14:10:48","modified_gmt":"2023-07-24T18:10:48","slug":"three-year-study-mini-biofilia","status":"publish","type":"page","link":"https:\/\/amisdulac.org\/fr\/three-year-study-mini-biofilia\/","title":{"rendered":"\u00c9tude sur trois ans &#8211; Mini Biofilia"},"content":{"rendered":"<p><\/p>\n<p style=\"font-weight: 400;\">\u00c0 l&rsquo;\u00e9t\u00e9 2020, une \u00e9valuation triennale des tendances \u00e9cologiques du Lac-des-Seize-\u00celes a d\u00e9but\u00e9. Il s&rsquo;est termin\u00e9 l&rsquo;\u00e9t\u00e9 dernier (2022) &#8211; vous pouvez lire le rapport final&nbsp;<a href=\"https:\/\/amisdulac.org\/wp-content\/uploads\/2023\/07\/Rapport-Lac-des-Seize-Iles-2022.pdf\" data-saferedirecturl=\"https:\/\/www.google.com\/url?q=https:\/\/amisdulac.org\/wp-content\/uploads\/2023\/07\/Report-Lac-des-Seize-Iles-2022.docx-Google-Documents.pdf&amp;source=gmail&amp;ust=1690308211647000&amp;usg=AOvVaw0im84IO5PgWY1ejIbaOMDb\">ici<\/a>. Cette \u00e9tude a \u00e9t\u00e9 dirig\u00e9e par deux scientifiques Sylvain Miller (biologiste) et Anne Letourneau (biochimiste). Ils ont \u00e9t\u00e9 soutenus par des dizaines de b\u00e9n\u00e9voles r\u00e9sidents du lac qui ont g\u00e9r\u00e9 et recueilli des donn\u00e9es sur la sant\u00e9 de notre lac au cours de cette p\u00e9riode de trois ans \u2013 plusieurs centaines d&rsquo;heures de travail. Les m\u00e9thodologies utilis\u00e9es dans cette \u00e9tude refl\u00e9taient aussi fid\u00e8lement que possible celles utilis\u00e9es par les \u00e9tudes pr\u00e9c\u00e9dentes, en particulier l&rsquo;\u00e9tude exhaustive Biofilia r\u00e9alis\u00e9e en 2011. Cela a \u00e9t\u00e9 fait afin que nous ayons une id\u00e9e de la sant\u00e9 relative de notre lac sur une plus longue p\u00e9riode et mettre en lumi\u00e8re les tendances. La bonne nouvelle est que l&rsquo;environnement de notre lac est assez sain \u00e0 l&rsquo;heure actuelle, mais pour maintenir ce statut, il y a des aspects qui doivent \u00eatre corrig\u00e9s et des am\u00e9liorations doivent \u00eatre mises en \u0153uvre. Cette \u00e9tude de trois ans a \u00e9t\u00e9 financ\u00e9e conjointement par les Amis du Lac et notre municipalit\u00e9.<\/p>\n<p>Il a \u00e9t\u00e9 pr\u00e9sent\u00e9 \u00e0 la communaut\u00e9 le dimanche 23 juillet \u00e0 13 heures \u00e0 la salle municipale.<\/p>","protected":false},"excerpt":{"rendered":"<p>\u00c0 l&rsquo;\u00e9t\u00e9 2020, une \u00e9valuation triennale des tendances \u00e9cologiques du Lac-des-Seize-\u00celes a d\u00e9but\u00e9. Il s&rsquo;est termin\u00e9 l&rsquo;\u00e9t\u00e9 dernier (2022) &#8211; vous pouvez lire le rapport final&nbsp;ici. Cette \u00e9tude a \u00e9t\u00e9 dirig\u00e9e par deux scientifiques Sylvain Miller (biologiste) et Anne Letourneau (biochimiste). Ils ont \u00e9t\u00e9 soutenus par des dizaines de b\u00e9n\u00e9voles r\u00e9sidents du lac qui ont [&hellip;]<\/p>\n","protected":false},"author":7,"featured_media":0,"parent":0,"menu_order":0,"comment_status":"closed","ping_status":"closed","template":"","meta":{"ngg_post_thumbnail":0,"footnotes":""},"class_list":["post-1865","page","type-page","status-publish","hentry"],"_links":{"self":[{"href":"https:\/\/amisdulac.org\/fr\/wp-json\/wp\/v2\/pages\/1865","targetHints":{"allow":["GET"]}}],"collection":[{"href":"https:\/\/amisdulac.org\/fr\/wp-json\/wp\/v2\/pages"}],"about":[{"href":"https:\/\/amisdulac.org\/fr\/wp-json\/wp\/v2\/types\/page"}],"author":[{"embeddable":true,"href":"https:\/\/amisdulac.org\/fr\/wp-json\/wp\/v2\/users\/7"}],"replies":[{"embeddable":true,"href":"https:\/\/amisdulac.org\/fr\/wp-json\/wp\/v2\/comments?post=1865"}],"version-history":[{"count":6,"href":"https:\/\/amisdulac.org\/fr\/wp-json\/wp\/v2\/pages\/1865\/revisions"}],"predecessor-version":[{"id":1871,"href":"https:\/\/amisdulac.org\/fr\/wp-json\/wp\/v2\/pages\/1865\/revisions\/1871"}],"wp:attachment":[{"href":"https:\/\/amisdulac.org\/fr\/wp-json\/wp\/v2\/media?parent=1865"}],"curies":[{"name":"wp","href":"https:\/\/api.w.org\/{rel}","templated":true}]}}