{"id":180,"date":"2011-03-23T18:26:43","date_gmt":"2011-03-23T18:26:43","guid":{"rendered":"http:\/\/www.amisdulacdes16isles.org\/?page_id=180"},"modified":"2012-06-08T12:20:10","modified_gmt":"2012-06-08T16:20:10","slug":"community-2","status":"publish","type":"page","link":"https:\/\/amisdulac.org\/fr\/community-2\/","title":{"rendered":"Notre Communaut\u00e9"},"content":{"rendered":"<p><strong>Lac-des-Seize-\u00celes<\/strong> est un village et une municipalit\u00e9 dans la r\u00e9gion des Laurentides au Qu\u00e9bec, Canada, et fait partie de la municipalit\u00e9 r\u00e9gionale de comt\u00e9 Les Pays-d&rsquo;en-Haut. La municipalit\u00e9 est nomm\u00e9 en l&rsquo;honneur du lac des Seize \u00celes, le village du m\u00eame nom se situe \u00e0 l&rsquo;extr\u00e9mit\u00e9 nord du lac.<\/p>\n<p>Lac-des-Seize-\u00celes se situe \u00e0 environ 22 kilom\u00e8tres (14 miles) \u00e0 l&rsquo;ouest de Saint-Sauveur-des-Monts au coeur de la cha\u00eene montagneuse des Laurentides. La municipalit\u00e9 est de forme rectangulaire et englobe compl\u00e8tement le lac des-Seize-\u00celes. Le lac fait 5 kilom\u00e8tres (3,1 miles) de longueur et une \u00e9l\u00e9vation de 290 m\u00e8tres (950 pieds). Son nom descriptif mais trompeur, utilis\u00e9 depuis au moins 1899, fait r\u00e9f\u00e9rence \u00e0 ses \u00eeles. En fait, il y a 18 petites \u00eeles sur le lac bien que les deux plus petites n&rsquo;ont pas \u00e9t\u00e9 nomm\u00e9es puisqu&rsquo;elles sont consid\u00e9r\u00e9es comme \u00e9tant trop petites pour \u00eatre habit\u00e9es:<\/p>\n<ul>\n<li>Amsden<\/li>\n<li>aux Bleuets<\/li>\n<li>Campbell<\/li>\n<li>Christie<\/li>\n<li>Cook<\/li>\n<li>Corner<\/li>\n<li>Cossette<\/li>\n<li>d&rsquo;\u00c9t\u00e9<\/li>\n<li>Gardner<\/li>\n<li>Hawthorne<\/li>\n<li>Lebel<\/li>\n<li>Meyers<\/li>\n<li>Nettles<\/li>\n<li>Rodger<\/li>\n<li>Shetler<\/li>\n<li>Green<\/li>\n<\/ul>\n<p>Une des deux \u00eeles non nomm\u00e9es est commun\u00e9ment appel\u00e9e \u00eele aux Bleuets, m\u00eame si une autre \u00eele porte d\u00e9j\u00e0 ce nom.<\/p>\n<p>Les rives du lac des Seize \u00celes et la majorit\u00e9 des \u00eeles sont peupl\u00e9es de chalets faisant de la r\u00e9gion une destination estivale populaire et pendant l&rsquo;\u00e9t\u00e9 la population augmente de fa\u00e7on significative. La majorit\u00e9 des chalets ne sont accessibles que par bateaux.<\/p>\n<p>Les premiers pionniers sont arriv\u00e9s en 1897. Ils sont venus principalement de Saint-Joachim-de-Shefford et de Roxton Falls. Le bureau de poste a ouvert un an plus tard en 1898, identifi\u00e9 par son nom anglais Sixteen Islands Lake. En 1901, la mission de Notre-Dame-de-la-Sagesse a \u00e9t\u00e9 \u00e9tablie et est devenue une paroisse en 1937. En 1914, la municipalit\u00e9 de Lac-des-Seize-\u00celes a \u00e9t\u00e9 form\u00e9e en se s\u00e9parant des cantons de Montcalm et de Wentworth.<\/p>\n<div><strong>R\u00e9pertoire t\u00e9l\u00e9phonique<br \/>\n<\/strong><\/div>\n<div>\n<p>Pour une copie du r\u00e9pertoire t\u00e9l\u00e9phonique Lac-des-Seize-\u00celes veuillez envoyer un courriel au\u00a0<a href=\"mailto:amis16island@yahoo.ca\">amis16island@yahoo.ca<\/a><\/p>\n<\/div>\n<div style=\"padding-bottom: 10px;\"><strong>Liens<\/strong><\/div>\n<div style=\"padding-bottom: 10px;\"><a href=\"http:\/\/www.lac-des-seize-iles.ca\/\">Municipalit\u00e9 Lac-des-Seize-\u00celes<\/a><\/div>\n<div style=\"padding-bottom: 10px;\"><a href=\"http:\/\/www.silfc.com\/\">Sixteen Island Lake Fishing Club<\/a><\/div>\n<div style=\"padding-bottom: 10px;\"><a href=\"http:\/\/www.mrclaurentides.qc.ca\/\">MRC des laurentides<\/a><\/div>\n<div style=\"padding-bottom: 10px;\"><a href=\"http:\/\/www.natureconservancy.ca\/en\/\">Conservation de la nature Canada<\/a><\/div>\n<p><\/p>","protected":false},"excerpt":{"rendered":"<p>Lac-des-Seize-\u00celes est un village et une municipalit\u00e9 dans la r\u00e9gion des Laurentides au Qu\u00e9bec, Canada, et fait partie de la municipalit\u00e9 r\u00e9gionale de comt\u00e9 Les Pays-d&rsquo;en-Haut. La municipalit\u00e9 est nomm\u00e9 en l&rsquo;honneur du lac des Seize \u00celes, le village du m\u00eame nom se situe \u00e0 l&rsquo;extr\u00e9mit\u00e9 nord du lac. Lac-des-Seize-\u00celes se situe \u00e0 environ 22 [&hellip;]<\/p>\n","protected":false},"author":5,"featured_media":0,"parent":0,"menu_order":0,"comment_status":"closed","ping_status":"open","template":"","meta":{"ngg_post_thumbnail":0,"footnotes":""},"class_list":["post-180","page","type-page","status-publish","hentry"],"_links":{"self":[{"href":"https:\/\/amisdulac.org\/fr\/wp-json\/wp\/v2\/pages\/180","targetHints":{"allow":["GET"]}}],"collection":[{"href":"https:\/\/amisdulac.org\/fr\/wp-json\/wp\/v2\/pages"}],"about":[{"href":"https:\/\/amisdulac.org\/fr\/wp-json\/wp\/v2\/types\/page"}],"author":[{"embeddable":true,"href":"https:\/\/amisdulac.org\/fr\/wp-json\/wp\/v2\/users\/5"}],"replies":[{"embeddable":true,"href":"https:\/\/amisdulac.org\/fr\/wp-json\/wp\/v2\/comments?post=180"}],"version-history":[{"count":14,"href":"https:\/\/amisdulac.org\/fr\/wp-json\/wp\/v2\/pages\/180\/revisions"}],"predecessor-version":[{"id":548,"href":"https:\/\/amisdulac.org\/fr\/wp-json\/wp\/v2\/pages\/180\/revisions\/548"}],"wp:attachment":[{"href":"https:\/\/amisdulac.org\/fr\/wp-json\/wp\/v2\/media?parent=180"}],"curies":[{"name":"wp","href":"https:\/\/api.w.org\/{rel}","templated":true}]}}