{"id":1565,"date":"2021-09-13T17:11:48","date_gmt":"2021-09-13T21:11:48","guid":{"rendered":"http:\/\/www.amisdulacdes16iles.org\/?page_id=1565"},"modified":"2025-07-22T07:16:48","modified_gmt":"2025-07-22T12:16:48","slug":"lake-life-merchandise-order-form","status":"publish","type":"page","link":"https:\/\/amisdulac.org\/fr\/lake-life-merchandise-order-form\/","title":{"rendered":"Formulaire de commande de marchandise Lake Life  &#8211; 2025"},"content":{"rendered":"<p>&nbsp;<div class=\"wpforms-container wpforms-container-full\" id=\"wpforms-2200\"><form id=\"wpforms-form-2200\" class=\"wpforms-validate wpforms-form\" data-formid=\"2200\" method=\"post\" enctype=\"multipart\/form-data\" action=\"\/fr\/wp-json\/wp\/v2\/pages\/1565\" data-token=\"b76e499cc4642ad85583adf47eb6a3bb\" data-token-time=\"1778768252\"><noscript class=\"wpforms-error-noscript\">Veuillez activer JavaScript dans votre navigateur pour remplir ce formulaire.<\/noscript><div class=\"wpforms-field-container\"><div id=\"wpforms-2200-field_14-container\" class=\"wpforms-field wpforms-field-divider\" data-field-id=\"14\"><h3 id=\"wpforms-2200-field_14\">2025<\/h3><div class=\"wpforms-field-description\">Nouveaut\u00e9 2025 ! Nous proposons un superbe sac fourre-tout en jute, durable, 100 % biod\u00e9gradable et id\u00e9al pour faire vos courses. Il est suffisamment grand pour contenir des serviettes de plage. Les nouveaux sacs plus grands mesurent 14\" x 16\".\n<br \/>**OFFRE SP\u00c9CIALE : pour l'achat d'un grand sac fourre-tout, recevez gratuitement un deuxi\u00e8me sac fourre-tout vert plus petit.<br \/><br \/><a href=\"https:\/\/amisdulac.org\/wp-content\/uploads\/2025\/07\/20250707_184424-scaled.jpg\" target=\"_blank\"><img loading=\"lazy\" decoding=\"async\" class=\"aligncenter\" src=\"https:\/\/amisdulac.org\/wp-content\/uploads\/2025\/07\/20250707_184424-scaled.jpg\" alt=\"\" width=\"270\" height=\"300\" \/><\/a><br \/><br \/>Tous les articles peuvent \u00eatre r\u00e9cup\u00e9r\u00e9s au lac. Malheureusement, l'exp\u00e9dition n'est pas possible.<br \/><br \/><\/div><\/div><div id=\"wpforms-2200-field_0-container\" class=\"wpforms-field wpforms-field-name\" data-field-id=\"0\"><label class=\"wpforms-field-label\" for=\"wpforms-2200-field_0\">Name <span class=\"wpforms-required-label\">*<\/span><\/label><input type=\"text\" id=\"wpforms-2200-field_0\" class=\"wpforms-field-medium wpforms-field-required\" name=\"wpforms[fields][0]\" required><\/div><div id=\"wpforms-2200-field_40-container\" class=\"wpforms-field wpforms-field-email\" data-field-id=\"40\"><label class=\"wpforms-field-label\" for=\"wpforms-2200-field_40\">Email <span class=\"wpforms-required-label\">*<\/span><\/label><input type=\"email\" id=\"wpforms-2200-field_40\" class=\"wpforms-field-medium wpforms-field-required\" name=\"wpforms[fields][40]\" spellcheck=\"false\" required><\/div><div id=\"wpforms-2200-field_19-container\" class=\"wpforms-field wpforms-field-phone\" data-field-id=\"19\"><label class=\"wpforms-field-label\" for=\"wpforms-2200-field_19\">Phone  (in case)<\/label><input type=\"tel\" id=\"wpforms-2200-field_19\" class=\"wpforms-field-small\" data-rule-int-phone-field=\"true\" name=\"wpforms[fields][19]\" placeholder=\"ex: (450) 123 4567\" aria-label=\"Phone  (in case)\" ><\/div><div id=\"wpforms-2200-field_49-container\" class=\"wpforms-field wpforms-field-payment-select wpforms-field-select-style-classic\" data-field-id=\"49\"><label class=\"wpforms-field-label\" for=\"wpforms-2200-field_49\">Veuillez s\u00e9lectionner le nombre de sacs fourre-tout en jute de grande taille que vous souhaitez acheter dans le menu d\u00e9roulant.<\/label><select id=\"wpforms-2200-field_49\" class=\"wpforms-payment-price wpforms-field-medium\" name=\"wpforms[fields][49]\"><option value=\"1\" data-amount=\"0.00\"  selected='selected'>VENTE RAPIDE ! Cliquez pour choisir de grands sacs fourre-tout en jute. - &#036;0.00<\/option><option value=\"4\" data-amount=\"20.00\" >1 grand sac fourre-tout en jute - &#036;20.00<\/option><option value=\"2\" data-amount=\"40.00\" >2 sacs fourre-tout en jute (offre exceptionnelle) - &#036;40.00<\/option><option value=\"3\" data-amount=\"70.00\" >4 sacs fourre-tout en jute (offre exceptionnelle) - &#036;70.00<\/option><\/select><div class=\"wpforms-field-description\"><img loading=\"lazy\" decoding=\"async\" class=\"aligncenter\" src=\"https:\/\/amisdulac.org\/wp-content\/uploads\/2025\/07\/20250721_143443-rotated.jpg\" alt=\"\" width=\"150\" height=\"170\" \/>\nAssez grand pour transporter des serviettes, des t-shirts et des chaussures pour les cours de natation. Et le deuxi\u00e8me est \u00e9l\u00e9gant et parfait pour se rendre \u00e0 un Cinq \u00e0 Sept.\n<\/div><\/div><div id=\"wpforms-2200-field_9-container\" class=\"wpforms-field wpforms-field-payment-total wpforms-field-medium\" data-field-id=\"9\"><label class=\"wpforms-field-label\">TOTAL<\/label><div class=\"wpforms-payment-total\" style=\"\">&#036;0.00<\/div><input type=\"hidden\" id=\"wpforms-2200-field_9\" class=\"wpforms-field-medium wpforms-payment-total\" name=\"wpforms[fields][9]\" value=\"0\"><div class=\"wpforms-field-description\"><br \/><img loading=\"lazy\" decoding=\"async\" src=\"http:\/\/dji.a97.myftpupload.com\/wp-content\/uploads\/2020\/05\/interaclogo100.jpg\" alt=\"\" width=\"100\" height=\"50\" \/> <span style=\"vertical-align:text-bottom;\"> S.V.P. veuillez envoyer le virement INTERAC \u00e0 : <br \/><br \/><b> ventes@amisdulac.org<\/b> <\/span>\n<br \/><br \/><i>Si vous ne parvenez pas \u00e0 effectuer le virement \u00e9lectronique, veuillez nous contacter pour prendre d'autres dispositions.  <\/i>\n\n<\/div><\/div><\/div><!-- .wpforms-field-container --><div class=\"wpforms-field wpforms-field-hp\"><label for=\"wpforms-2200-field-hp\" class=\"wpforms-field-label\">Name<\/label><input type=\"text\" name=\"wpforms[hp]\" id=\"wpforms-2200-field-hp\" class=\"wpforms-field-medium\"><\/div><div class=\"wpforms-submit-container\" ><input type=\"hidden\" name=\"wpforms[id]\" value=\"2200\"><input type=\"hidden\" name=\"page_title\" value=\"\"><input type=\"hidden\" name=\"page_url\" value=\"https:\/\/amisdulac.org\/fr\/wp-json\/wp\/v2\/pages\/1565\"><input type=\"hidden\" name=\"url_referer\" value=\"\"><button type=\"submit\" name=\"wpforms[submit]\" id=\"wpforms-submit-2200\" class=\"wpforms-submit\" data-alt-text=\"Sending...\" data-submit-text=\"Submit\" aria-live=\"assertive\" value=\"wpforms-submit\">Submit<\/button><\/div><\/form><\/div>  <!-- .wpforms-container --><\/p>","protected":false},"excerpt":{"rendered":"<p>&nbsp;<\/p>\n","protected":false},"author":5,"featured_media":0,"parent":0,"menu_order":0,"comment_status":"closed","ping_status":"closed","template":"","meta":{"ngg_post_thumbnail":0,"footnotes":""},"class_list":["post-1565","page","type-page","status-publish","hentry"],"_links":{"self":[{"href":"https:\/\/amisdulac.org\/fr\/wp-json\/wp\/v2\/pages\/1565","targetHints":{"allow":["GET"]}}],"collection":[{"href":"https:\/\/amisdulac.org\/fr\/wp-json\/wp\/v2\/pages"}],"about":[{"href":"https:\/\/amisdulac.org\/fr\/wp-json\/wp\/v2\/types\/page"}],"author":[{"embeddable":true,"href":"https:\/\/amisdulac.org\/fr\/wp-json\/wp\/v2\/users\/5"}],"replies":[{"embeddable":true,"href":"https:\/\/amisdulac.org\/fr\/wp-json\/wp\/v2\/comments?post=1565"}],"version-history":[{"count":16,"href":"https:\/\/amisdulac.org\/fr\/wp-json\/wp\/v2\/pages\/1565\/revisions"}],"predecessor-version":[{"id":2239,"href":"https:\/\/amisdulac.org\/fr\/wp-json\/wp\/v2\/pages\/1565\/revisions\/2239"}],"wp:attachment":[{"href":"https:\/\/amisdulac.org\/fr\/wp-json\/wp\/v2\/media?parent=1565"}],"curies":[{"name":"wp","href":"https:\/\/api.w.org\/{rel}","templated":true}]}}